{"id":1002,"date":"2016-03-21T15:04:57","date_gmt":"2016-03-21T14:04:57","guid":{"rendered":"http:\/\/marneantic.com\/?post_type=product&#038;p=1002"},"modified":"2019-08-14T07:37:46","modified_gmt":"2019-08-14T06:37:46","slug":"tasse-a-the-art-deco-en-porcelaine","status":"publish","type":"product","link":"https:\/\/marneantic.com\/index.php\/produit\/tasse-a-the-art-deco-en-porcelaine\/","title":{"rendered":"Tasse \u00e0 th\u00e9 art-d\u00e9co en porcelaine"},"content":{"rendered":"","protected":false},"excerpt":{"rendered":"<p>Tasse \u00e0 th\u00e9 art-d\u00e9co en porcelaine,en tr\u00e8s bon \u00e9tat,motifs stylis\u00e9 ann\u00e9es 30&prime;,tasse diametre:8.7cm,hauteur:5.5cm,soucoupe diametre:14.2cm,aucune marque de fabrique<\/p>\n","protected":false},"featured_media":1003,"comment_status":"closed","ping_status":"closed","template":"","meta":{"_et_pb_use_builder":"","_et_pb_old_content":"","_et_gb_content_width":""},"product_cat":[44,26,7],"product_tag":[],"_links":{"self":[{"href":"https:\/\/marneantic.com\/index.php\/wp-json\/wp\/v2\/product\/1002"}],"collection":[{"href":"https:\/\/marneantic.com\/index.php\/wp-json\/wp\/v2\/product"}],"about":[{"href":"https:\/\/marneantic.com\/index.php\/wp-json\/wp\/v2\/types\/product"}],"replies":[{"embeddable":true,"href":"https:\/\/marneantic.com\/index.php\/wp-json\/wp\/v2\/comments?post=1002"}],"wp:featuredmedia":[{"embeddable":true,"href":"https:\/\/marneantic.com\/index.php\/wp-json\/wp\/v2\/media\/1003"}],"wp:attachment":[{"href":"https:\/\/marneantic.com\/index.php\/wp-json\/wp\/v2\/media?parent=1002"}],"wp:term":[{"taxonomy":"product_cat","embeddable":true,"href":"https:\/\/marneantic.com\/index.php\/wp-json\/wp\/v2\/product_cat?post=1002"},{"taxonomy":"product_tag","embeddable":true,"href":"https:\/\/marneantic.com\/index.php\/wp-json\/wp\/v2\/product_tag?post=1002"}],"curies":[{"name":"wp","href":"https:\/\/api.w.org\/{rel}","templated":true}]}}