{"id":10051,"date":"2019-11-13T15:32:41","date_gmt":"2019-11-13T14:32:41","guid":{"rendered":"https:\/\/marneantic.com\/?post_type=product&#038;p=10051"},"modified":"2026-04-28T07:23:28","modified_gmt":"2026-04-28T06:23:28","slug":"10-assiettes-a-dessert-anciennes-faience-de-pexonnedecor-de-vignes","status":"publish","type":"product","link":"https:\/\/marneantic.com\/index.php\/produit\/10-assiettes-a-dessert-anciennes-faience-de-pexonnedecor-de-vignes\/","title":{"rendered":"10 assiettes a dessert anciennes fa\u00efence de Pexonne,d\u00e9cor de vignes"},"content":{"rendered":"","protected":false},"excerpt":{"rendered":"<p>10 assiettes a dessert anciennes en fa\u00efence de Pexonne a d\u00e9cor de raisin et rameau de vigne,en tr\u00e8s bon \u00e9tat,diametre:20.5cm<\/p>\n","protected":false},"featured_media":10054,"comment_status":"open","ping_status":"closed","template":"","meta":{"_et_pb_use_builder":"","_et_pb_old_content":"","_et_gb_content_width":""},"product_cat":[27,7],"product_tag":[],"_links":{"self":[{"href":"https:\/\/marneantic.com\/index.php\/wp-json\/wp\/v2\/product\/10051"}],"collection":[{"href":"https:\/\/marneantic.com\/index.php\/wp-json\/wp\/v2\/product"}],"about":[{"href":"https:\/\/marneantic.com\/index.php\/wp-json\/wp\/v2\/types\/product"}],"replies":[{"embeddable":true,"href":"https:\/\/marneantic.com\/index.php\/wp-json\/wp\/v2\/comments?post=10051"}],"wp:featuredmedia":[{"embeddable":true,"href":"https:\/\/marneantic.com\/index.php\/wp-json\/wp\/v2\/media\/10054"}],"wp:attachment":[{"href":"https:\/\/marneantic.com\/index.php\/wp-json\/wp\/v2\/media?parent=10051"}],"wp:term":[{"taxonomy":"product_cat","embeddable":true,"href":"https:\/\/marneantic.com\/index.php\/wp-json\/wp\/v2\/product_cat?post=10051"},{"taxonomy":"product_tag","embeddable":true,"href":"https:\/\/marneantic.com\/index.php\/wp-json\/wp\/v2\/product_tag?post=10051"}],"curies":[{"name":"wp","href":"https:\/\/api.w.org\/{rel}","templated":true}]}}