{"id":1012,"date":"2016-03-21T15:40:46","date_gmt":"2016-03-21T14:40:46","guid":{"rendered":"http:\/\/marneantic.com\/index.php\/produit\/theiere-art-deco-en-porcelaine\/"},"modified":"2019-08-14T07:36:32","modified_gmt":"2019-08-14T06:36:32","slug":"theiere-art-deco-en-porcelaine","status":"publish","type":"product","link":"https:\/\/marneantic.com\/index.php\/produit\/theiere-art-deco-en-porcelaine\/","title":{"rendered":"theiere art-d\u00e9co en porcelaine"},"content":{"rendered":"","protected":false},"excerpt":{"rendered":"<p>theiere art-d\u00e9co en porcelaine,en tr\u00e8s bon \u00e9tat,aucune marque de fabrique<\/p>\n","protected":false},"featured_media":1013,"comment_status":"closed","ping_status":"closed","template":"","meta":{"_et_pb_use_builder":"","_et_pb_old_content":"","_et_gb_content_width":""},"product_cat":[44,26,7],"product_tag":[],"_links":{"self":[{"href":"https:\/\/marneantic.com\/index.php\/wp-json\/wp\/v2\/product\/1012"}],"collection":[{"href":"https:\/\/marneantic.com\/index.php\/wp-json\/wp\/v2\/product"}],"about":[{"href":"https:\/\/marneantic.com\/index.php\/wp-json\/wp\/v2\/types\/product"}],"replies":[{"embeddable":true,"href":"https:\/\/marneantic.com\/index.php\/wp-json\/wp\/v2\/comments?post=1012"}],"wp:featuredmedia":[{"embeddable":true,"href":"https:\/\/marneantic.com\/index.php\/wp-json\/wp\/v2\/media\/1013"}],"wp:attachment":[{"href":"https:\/\/marneantic.com\/index.php\/wp-json\/wp\/v2\/media?parent=1012"}],"wp:term":[{"taxonomy":"product_cat","embeddable":true,"href":"https:\/\/marneantic.com\/index.php\/wp-json\/wp\/v2\/product_cat?post=1012"},{"taxonomy":"product_tag","embeddable":true,"href":"https:\/\/marneantic.com\/index.php\/wp-json\/wp\/v2\/product_tag?post=1012"}],"curies":[{"name":"wp","href":"https:\/\/api.w.org\/{rel}","templated":true}]}}