{"id":10196,"date":"2019-11-27T16:20:26","date_gmt":"2019-11-27T15:20:26","guid":{"rendered":"https:\/\/marneantic.com\/?post_type=product&#038;p=10196"},"modified":"2019-11-27T16:28:44","modified_gmt":"2019-11-27T15:28:44","slug":"verre-de-table-ancien-en-cristal-2","status":"publish","type":"product","link":"https:\/\/marneantic.com\/index.php\/produit\/verre-de-table-ancien-en-cristal-2\/","title":{"rendered":"Verre de table ancien en cristal"},"content":{"rendered":"","protected":false},"excerpt":{"rendered":"<p>Verre de table ancien en cristal,sans d\u00e9cor,ann\u00e9es 60\/70,en tr\u00e8s bon \u00e9tat,hauteur:14.5cm,diam\u00e8tre du buvant:7cm,diam\u00e8tre du pied:6.4cm<\/p>\n","protected":false},"featured_media":10197,"comment_status":"closed","ping_status":"closed","template":"","meta":{"_et_pb_use_builder":"","_et_pb_old_content":"","_et_gb_content_width":""},"product_cat":[10,11],"product_tag":[],"_links":{"self":[{"href":"https:\/\/marneantic.com\/index.php\/wp-json\/wp\/v2\/product\/10196"}],"collection":[{"href":"https:\/\/marneantic.com\/index.php\/wp-json\/wp\/v2\/product"}],"about":[{"href":"https:\/\/marneantic.com\/index.php\/wp-json\/wp\/v2\/types\/product"}],"replies":[{"embeddable":true,"href":"https:\/\/marneantic.com\/index.php\/wp-json\/wp\/v2\/comments?post=10196"}],"wp:featuredmedia":[{"embeddable":true,"href":"https:\/\/marneantic.com\/index.php\/wp-json\/wp\/v2\/media\/10197"}],"wp:attachment":[{"href":"https:\/\/marneantic.com\/index.php\/wp-json\/wp\/v2\/media?parent=10196"}],"wp:term":[{"taxonomy":"product_cat","embeddable":true,"href":"https:\/\/marneantic.com\/index.php\/wp-json\/wp\/v2\/product_cat?post=10196"},{"taxonomy":"product_tag","embeddable":true,"href":"https:\/\/marneantic.com\/index.php\/wp-json\/wp\/v2\/product_tag?post=10196"}],"curies":[{"name":"wp","href":"https:\/\/api.w.org\/{rel}","templated":true}]}}