{"id":10217,"date":"2019-11-29T14:38:49","date_gmt":"2019-11-29T13:38:49","guid":{"rendered":"https:\/\/marneantic.com\/?post_type=product&#038;p=10217"},"modified":"2019-11-29T14:45:02","modified_gmt":"2019-11-29T13:45:02","slug":"verre-ancien-a-decor-depoli","status":"publish","type":"product","link":"https:\/\/marneantic.com\/index.php\/produit\/verre-ancien-a-decor-depoli\/","title":{"rendered":"Verre ancien a d\u00e9cor d\u00e9poli"},"content":{"rendered":"","protected":false},"excerpt":{"rendered":"<table style=\"height: 9px;\" width=\"1030\" align=\"center\">\n<tbody>\n<tr>\n<td>\n<div id=\"ds_div\">Verre ancien a d\u00e9cor d\u00e9poli, motif v\u00e9g\u00e9tal,en tr\u00e8s bon \u00e9tat,hauteur:13.8cm,diam\u00e8tre du buvant:7cm,diam\u00e8tre du pied:6.7cm<\/div>\n<\/td>\n<\/tr>\n<\/tbody>\n<\/table>\n","protected":false},"featured_media":10218,"comment_status":"closed","ping_status":"closed","template":"","meta":{"_et_pb_use_builder":"","_et_pb_old_content":"","_et_gb_content_width":""},"product_cat":[10,14,11],"product_tag":[],"_links":{"self":[{"href":"https:\/\/marneantic.com\/index.php\/wp-json\/wp\/v2\/product\/10217"}],"collection":[{"href":"https:\/\/marneantic.com\/index.php\/wp-json\/wp\/v2\/product"}],"about":[{"href":"https:\/\/marneantic.com\/index.php\/wp-json\/wp\/v2\/types\/product"}],"replies":[{"embeddable":true,"href":"https:\/\/marneantic.com\/index.php\/wp-json\/wp\/v2\/comments?post=10217"}],"wp:featuredmedia":[{"embeddable":true,"href":"https:\/\/marneantic.com\/index.php\/wp-json\/wp\/v2\/media\/10218"}],"wp:attachment":[{"href":"https:\/\/marneantic.com\/index.php\/wp-json\/wp\/v2\/media?parent=10217"}],"wp:term":[{"taxonomy":"product_cat","embeddable":true,"href":"https:\/\/marneantic.com\/index.php\/wp-json\/wp\/v2\/product_cat?post=10217"},{"taxonomy":"product_tag","embeddable":true,"href":"https:\/\/marneantic.com\/index.php\/wp-json\/wp\/v2\/product_tag?post=10217"}],"curies":[{"name":"wp","href":"https:\/\/api.w.org\/{rel}","templated":true}]}}