{"id":10462,"date":"2020-01-06T14:02:27","date_gmt":"2020-01-06T13:02:27","guid":{"rendered":"https:\/\/marneantic.com\/?post_type=product&#038;p=10462"},"modified":"2020-03-02T11:13:15","modified_gmt":"2020-03-02T10:13:15","slug":"service-a-condiments-art-deco-en-porcelainefamille-canards","status":"publish","type":"product","link":"https:\/\/marneantic.com\/index.php\/produit\/service-a-condiments-art-deco-en-porcelainefamille-canards\/","title":{"rendered":"Service \u00e0 condiments art-d\u00e9co en porcelaine,famille canards"},"content":{"rendered":"","protected":false},"excerpt":{"rendered":"<p>Service \u00e0 condiments art-d\u00e9co en porcelaine,complet en parfait \u00e9tat,largeur:9cm,profondeur:11.5cm,hauteur:11.5cm,superbe ensemble,aucune marque de fabrique<\/p>\n","protected":false},"featured_media":10466,"comment_status":"closed","ping_status":"closed","template":"","meta":{"_et_pb_use_builder":"","_et_pb_old_content":"","_et_gb_content_width":""},"product_cat":[13,10,44],"product_tag":[],"_links":{"self":[{"href":"https:\/\/marneantic.com\/index.php\/wp-json\/wp\/v2\/product\/10462"}],"collection":[{"href":"https:\/\/marneantic.com\/index.php\/wp-json\/wp\/v2\/product"}],"about":[{"href":"https:\/\/marneantic.com\/index.php\/wp-json\/wp\/v2\/types\/product"}],"replies":[{"embeddable":true,"href":"https:\/\/marneantic.com\/index.php\/wp-json\/wp\/v2\/comments?post=10462"}],"wp:featuredmedia":[{"embeddable":true,"href":"https:\/\/marneantic.com\/index.php\/wp-json\/wp\/v2\/media\/10466"}],"wp:attachment":[{"href":"https:\/\/marneantic.com\/index.php\/wp-json\/wp\/v2\/media?parent=10462"}],"wp:term":[{"taxonomy":"product_cat","embeddable":true,"href":"https:\/\/marneantic.com\/index.php\/wp-json\/wp\/v2\/product_cat?post=10462"},{"taxonomy":"product_tag","embeddable":true,"href":"https:\/\/marneantic.com\/index.php\/wp-json\/wp\/v2\/product_tag?post=10462"}],"curies":[{"name":"wp","href":"https:\/\/api.w.org\/{rel}","templated":true}]}}