{"id":10484,"date":"2020-01-09T10:14:03","date_gmt":"2020-01-09T09:14:03","guid":{"rendered":"https:\/\/marneantic.com\/?post_type=product&#038;p=10484"},"modified":"2020-07-31T13:24:40","modified_gmt":"2020-07-31T12:24:40","slug":"service-a-condiments-art-deco-en-porcelainebaigneuse","status":"publish","type":"product","link":"https:\/\/marneantic.com\/index.php\/produit\/service-a-condiments-art-deco-en-porcelainebaigneuse\/","title":{"rendered":"Service \u00e0 condiments art-d\u00e9co en porcelaine,baigneuse"},"content":{"rendered":"","protected":false},"excerpt":{"rendered":"<p>Service \u00e0 condiments art-d\u00e9co en porcelaine,d\u00e9cor de baigneuse,complet en parfait \u00e9tat,largeur:10cm,profondeur:10cm,hauteur:8.5cm<\/p>\n","protected":false},"featured_media":10486,"comment_status":"closed","ping_status":"closed","template":"","meta":{"_et_pb_use_builder":"","_et_pb_old_content":"","_et_gb_content_width":""},"product_cat":[13,10,44],"product_tag":[],"_links":{"self":[{"href":"https:\/\/marneantic.com\/index.php\/wp-json\/wp\/v2\/product\/10484"}],"collection":[{"href":"https:\/\/marneantic.com\/index.php\/wp-json\/wp\/v2\/product"}],"about":[{"href":"https:\/\/marneantic.com\/index.php\/wp-json\/wp\/v2\/types\/product"}],"replies":[{"embeddable":true,"href":"https:\/\/marneantic.com\/index.php\/wp-json\/wp\/v2\/comments?post=10484"}],"wp:featuredmedia":[{"embeddable":true,"href":"https:\/\/marneantic.com\/index.php\/wp-json\/wp\/v2\/media\/10486"}],"wp:attachment":[{"href":"https:\/\/marneantic.com\/index.php\/wp-json\/wp\/v2\/media?parent=10484"}],"wp:term":[{"taxonomy":"product_cat","embeddable":true,"href":"https:\/\/marneantic.com\/index.php\/wp-json\/wp\/v2\/product_cat?post=10484"},{"taxonomy":"product_tag","embeddable":true,"href":"https:\/\/marneantic.com\/index.php\/wp-json\/wp\/v2\/product_tag?post=10484"}],"curies":[{"name":"wp","href":"https:\/\/api.w.org\/{rel}","templated":true}]}}