{"id":10490,"date":"2020-01-10T11:00:29","date_gmt":"2020-01-10T10:00:29","guid":{"rendered":"https:\/\/marneantic.com\/?post_type=product&#038;p=10490"},"modified":"2020-08-10T13:35:23","modified_gmt":"2020-08-10T12:35:23","slug":"service-a-condiments-art-deco-en-porcelainedecor-elephant","status":"publish","type":"product","link":"https:\/\/marneantic.com\/index.php\/produit\/service-a-condiments-art-deco-en-porcelainedecor-elephant\/","title":{"rendered":"Service \u00e0 condiments art-d\u00e9co en porcelaine,d\u00e9cor \u00e9l\u00e9phant"},"content":{"rendered":"","protected":false},"excerpt":{"rendered":"<p>Service \u00e0 condiments art-d\u00e9co en porcelaine,d\u00e9cor d&rsquo;\u00e9l\u00e9phant,complet en parfait \u00e9tat,largeur:11cm,profondeur:10cm,hauteur:8cm,aucune marque de fabrique<\/p>\n","protected":false},"featured_media":10492,"comment_status":"closed","ping_status":"closed","template":"","meta":{"_et_pb_use_builder":"","_et_pb_old_content":"","_et_gb_content_width":""},"product_cat":[13,10,44],"product_tag":[],"_links":{"self":[{"href":"https:\/\/marneantic.com\/index.php\/wp-json\/wp\/v2\/product\/10490"}],"collection":[{"href":"https:\/\/marneantic.com\/index.php\/wp-json\/wp\/v2\/product"}],"about":[{"href":"https:\/\/marneantic.com\/index.php\/wp-json\/wp\/v2\/types\/product"}],"replies":[{"embeddable":true,"href":"https:\/\/marneantic.com\/index.php\/wp-json\/wp\/v2\/comments?post=10490"}],"wp:featuredmedia":[{"embeddable":true,"href":"https:\/\/marneantic.com\/index.php\/wp-json\/wp\/v2\/media\/10492"}],"wp:attachment":[{"href":"https:\/\/marneantic.com\/index.php\/wp-json\/wp\/v2\/media?parent=10490"}],"wp:term":[{"taxonomy":"product_cat","embeddable":true,"href":"https:\/\/marneantic.com\/index.php\/wp-json\/wp\/v2\/product_cat?post=10490"},{"taxonomy":"product_tag","embeddable":true,"href":"https:\/\/marneantic.com\/index.php\/wp-json\/wp\/v2\/product_tag?post=10490"}],"curies":[{"name":"wp","href":"https:\/\/api.w.org\/{rel}","templated":true}]}}