{"id":10543,"date":"2020-02-01T13:59:39","date_gmt":"2020-02-01T12:59:39","guid":{"rendered":"https:\/\/marneantic.com\/?post_type=product&#038;p=10543"},"modified":"2020-02-01T14:17:10","modified_gmt":"2020-02-01T13:17:10","slug":"lampe-a-petrole-ancienne-3","status":"publish","type":"product","link":"https:\/\/marneantic.com\/index.php\/produit\/lampe-a-petrole-ancienne-3\/","title":{"rendered":"Lampe a p\u00e9trole ancienne"},"content":{"rendered":"","protected":false},"excerpt":{"rendered":"<p>lampe \u00e0 p\u00e9trole ancienne,compl\u00e8te en parfait \u00e9tat ext\u00e9rieur et de fonctionnement,pied et r\u00e9servoir en r\u00e9gule ,hauteur totale:49cm,diam\u00e8tre du r\u00e9servoir:9cm<br \/>\ndiam\u00e8tre reservoir:14.5cm<\/p>\n","protected":false},"featured_media":10548,"comment_status":"open","ping_status":"closed","template":"","meta":{"_et_pb_use_builder":"","_et_pb_old_content":"","_et_gb_content_width":""},"product_cat":[8],"product_tag":[],"_links":{"self":[{"href":"https:\/\/marneantic.com\/index.php\/wp-json\/wp\/v2\/product\/10543"}],"collection":[{"href":"https:\/\/marneantic.com\/index.php\/wp-json\/wp\/v2\/product"}],"about":[{"href":"https:\/\/marneantic.com\/index.php\/wp-json\/wp\/v2\/types\/product"}],"replies":[{"embeddable":true,"href":"https:\/\/marneantic.com\/index.php\/wp-json\/wp\/v2\/comments?post=10543"}],"wp:featuredmedia":[{"embeddable":true,"href":"https:\/\/marneantic.com\/index.php\/wp-json\/wp\/v2\/media\/10548"}],"wp:attachment":[{"href":"https:\/\/marneantic.com\/index.php\/wp-json\/wp\/v2\/media?parent=10543"}],"wp:term":[{"taxonomy":"product_cat","embeddable":true,"href":"https:\/\/marneantic.com\/index.php\/wp-json\/wp\/v2\/product_cat?post=10543"},{"taxonomy":"product_tag","embeddable":true,"href":"https:\/\/marneantic.com\/index.php\/wp-json\/wp\/v2\/product_tag?post=10543"}],"curies":[{"name":"wp","href":"https:\/\/api.w.org\/{rel}","templated":true}]}}