{"id":10562,"date":"2020-02-07T17:02:48","date_gmt":"2020-02-07T16:02:48","guid":{"rendered":"https:\/\/marneantic.com\/?post_type=product&#038;p=10562"},"modified":"2020-03-24T16:13:54","modified_gmt":"2020-03-24T15:13:54","slug":"porte-photo-miroir-vintage-annees-50-3","status":"publish","type":"product","link":"https:\/\/marneantic.com\/index.php\/produit\/porte-photo-miroir-vintage-annees-50-3\/","title":{"rendered":"Porte-photo miroir vintage ann\u00e9es 50&prime;"},"content":{"rendered":"","protected":false},"excerpt":{"rendered":"<p>Porte-photo miroir vintage ann\u00e9es 50&prime;,en tr\u00e8s bon \u00e9tat, miroir sans \u00e9clats a d\u00e9cor de plumes,dos complet,dimensions:12.5&#215;17.5cm<\/p>\n","protected":false},"featured_media":10563,"comment_status":"closed","ping_status":"closed","template":"","meta":{"_et_pb_use_builder":"","_et_pb_old_content":"","_et_gb_content_width":""},"product_cat":[8,16],"product_tag":[],"_links":{"self":[{"href":"https:\/\/marneantic.com\/index.php\/wp-json\/wp\/v2\/product\/10562"}],"collection":[{"href":"https:\/\/marneantic.com\/index.php\/wp-json\/wp\/v2\/product"}],"about":[{"href":"https:\/\/marneantic.com\/index.php\/wp-json\/wp\/v2\/types\/product"}],"replies":[{"embeddable":true,"href":"https:\/\/marneantic.com\/index.php\/wp-json\/wp\/v2\/comments?post=10562"}],"wp:featuredmedia":[{"embeddable":true,"href":"https:\/\/marneantic.com\/index.php\/wp-json\/wp\/v2\/media\/10563"}],"wp:attachment":[{"href":"https:\/\/marneantic.com\/index.php\/wp-json\/wp\/v2\/media?parent=10562"}],"wp:term":[{"taxonomy":"product_cat","embeddable":true,"href":"https:\/\/marneantic.com\/index.php\/wp-json\/wp\/v2\/product_cat?post=10562"},{"taxonomy":"product_tag","embeddable":true,"href":"https:\/\/marneantic.com\/index.php\/wp-json\/wp\/v2\/product_tag?post=10562"}],"curies":[{"name":"wp","href":"https:\/\/api.w.org\/{rel}","templated":true}]}}