{"id":10570,"date":"2020-02-10T16:50:46","date_gmt":"2020-02-10T15:50:46","guid":{"rendered":"https:\/\/marneantic.com\/?post_type=product&#038;p=10570"},"modified":"2020-03-04T14:10:29","modified_gmt":"2020-03-04T13:10:29","slug":"grande-lampe-a-petrole-ancienne-2","status":"publish","type":"product","link":"https:\/\/marneantic.com\/index.php\/produit\/grande-lampe-a-petrole-ancienne-2\/","title":{"rendered":"Grande lampe a p\u00e9trole ancienne"},"content":{"rendered":"","protected":false},"excerpt":{"rendered":"<p>Tr\u00e8s belle et grande lampe \u00e0 p\u00e9trole ancienne.<br \/>\nPied en r\u00e9gule argent\u00e9(traces d&rsquo;usure) colonne en marbre<br \/>\nR\u00e9servoir en verre color\u00e9<br \/>\nFonctionne parfaitement,compl\u00e8te en bon \u00e9tat<br \/>\nHauteur avec le verre 68 cm<br \/>\nDiam\u00e8tre du r\u00e9servoir 14 cm<\/p>\n","protected":false},"featured_media":10573,"comment_status":"open","ping_status":"closed","template":"","meta":{"_et_pb_use_builder":"","_et_pb_old_content":"","_et_gb_content_width":""},"product_cat":[8],"product_tag":[],"_links":{"self":[{"href":"https:\/\/marneantic.com\/index.php\/wp-json\/wp\/v2\/product\/10570"}],"collection":[{"href":"https:\/\/marneantic.com\/index.php\/wp-json\/wp\/v2\/product"}],"about":[{"href":"https:\/\/marneantic.com\/index.php\/wp-json\/wp\/v2\/types\/product"}],"replies":[{"embeddable":true,"href":"https:\/\/marneantic.com\/index.php\/wp-json\/wp\/v2\/comments?post=10570"}],"wp:featuredmedia":[{"embeddable":true,"href":"https:\/\/marneantic.com\/index.php\/wp-json\/wp\/v2\/media\/10573"}],"wp:attachment":[{"href":"https:\/\/marneantic.com\/index.php\/wp-json\/wp\/v2\/media?parent=10570"}],"wp:term":[{"taxonomy":"product_cat","embeddable":true,"href":"https:\/\/marneantic.com\/index.php\/wp-json\/wp\/v2\/product_cat?post=10570"},{"taxonomy":"product_tag","embeddable":true,"href":"https:\/\/marneantic.com\/index.php\/wp-json\/wp\/v2\/product_tag?post=10570"}],"curies":[{"name":"wp","href":"https:\/\/api.w.org\/{rel}","templated":true}]}}