{"id":10656,"date":"2020-02-21T17:19:02","date_gmt":"2020-02-21T16:19:02","guid":{"rendered":"https:\/\/marneantic.com\/?post_type=product&#038;p=10656"},"modified":"2020-02-21T17:25:07","modified_gmt":"2020-02-21T16:25:07","slug":"grande-coupe-a-champagne-ancienne-gravee","status":"publish","type":"product","link":"https:\/\/marneantic.com\/index.php\/produit\/grande-coupe-a-champagne-ancienne-gravee\/","title":{"rendered":"Grande coupe a champagne ancienne grav\u00e9e"},"content":{"rendered":"","protected":false},"excerpt":{"rendered":"<p>grande coupe a champagne ancienne,d\u00e9cor grav\u00e9,en tr\u00e8s bon \u00e9tat,hauteur:13.4cm,diam\u00e8tre du buvant:9.8cm,diam\u00e8tre du pied:7.2cm<\/p>\n","protected":false},"featured_media":10657,"comment_status":"closed","ping_status":"closed","template":"","meta":{"_et_pb_use_builder":"","_et_pb_old_content":"","_et_gb_content_width":""},"product_cat":[10,11],"product_tag":[],"_links":{"self":[{"href":"https:\/\/marneantic.com\/index.php\/wp-json\/wp\/v2\/product\/10656"}],"collection":[{"href":"https:\/\/marneantic.com\/index.php\/wp-json\/wp\/v2\/product"}],"about":[{"href":"https:\/\/marneantic.com\/index.php\/wp-json\/wp\/v2\/types\/product"}],"replies":[{"embeddable":true,"href":"https:\/\/marneantic.com\/index.php\/wp-json\/wp\/v2\/comments?post=10656"}],"wp:featuredmedia":[{"embeddable":true,"href":"https:\/\/marneantic.com\/index.php\/wp-json\/wp\/v2\/media\/10657"}],"wp:attachment":[{"href":"https:\/\/marneantic.com\/index.php\/wp-json\/wp\/v2\/media?parent=10656"}],"wp:term":[{"taxonomy":"product_cat","embeddable":true,"href":"https:\/\/marneantic.com\/index.php\/wp-json\/wp\/v2\/product_cat?post=10656"},{"taxonomy":"product_tag","embeddable":true,"href":"https:\/\/marneantic.com\/index.php\/wp-json\/wp\/v2\/product_tag?post=10656"}],"curies":[{"name":"wp","href":"https:\/\/api.w.org\/{rel}","templated":true}]}}