{"id":10677,"date":"2020-02-22T16:00:25","date_gmt":"2020-02-22T15:00:25","guid":{"rendered":"https:\/\/marneantic.com\/?post_type=product&#038;p=10677"},"modified":"2021-09-19T14:43:30","modified_gmt":"2021-09-19T13:43:30","slug":"tasse-a-cafe-ancienne-en-porcelaine-15","status":"publish","type":"product","link":"https:\/\/marneantic.com\/index.php\/produit\/tasse-a-cafe-ancienne-en-porcelaine-15\/","title":{"rendered":"Tasse a caf\u00e9 ancienne en porcelaine"},"content":{"rendered":"","protected":false},"excerpt":{"rendered":"<p>Tasse a caf\u00e9 ancienne en porcelaine,d\u00e9cor floral,en\u00a0tr\u00e8s bon \u00e9tat,tasse hauteur:6.2cm,diametre:6.7cm,diam\u00e8tre soucoupe:13.7cm<\/p>\n","protected":false},"featured_media":10679,"comment_status":"closed","ping_status":"closed","template":"","meta":{"_et_pb_use_builder":"","_et_pb_old_content":"","_et_gb_content_width":""},"product_cat":[26,7],"product_tag":[],"_links":{"self":[{"href":"https:\/\/marneantic.com\/index.php\/wp-json\/wp\/v2\/product\/10677"}],"collection":[{"href":"https:\/\/marneantic.com\/index.php\/wp-json\/wp\/v2\/product"}],"about":[{"href":"https:\/\/marneantic.com\/index.php\/wp-json\/wp\/v2\/types\/product"}],"replies":[{"embeddable":true,"href":"https:\/\/marneantic.com\/index.php\/wp-json\/wp\/v2\/comments?post=10677"}],"wp:featuredmedia":[{"embeddable":true,"href":"https:\/\/marneantic.com\/index.php\/wp-json\/wp\/v2\/media\/10679"}],"wp:attachment":[{"href":"https:\/\/marneantic.com\/index.php\/wp-json\/wp\/v2\/media?parent=10677"}],"wp:term":[{"taxonomy":"product_cat","embeddable":true,"href":"https:\/\/marneantic.com\/index.php\/wp-json\/wp\/v2\/product_cat?post=10677"},{"taxonomy":"product_tag","embeddable":true,"href":"https:\/\/marneantic.com\/index.php\/wp-json\/wp\/v2\/product_tag?post=10677"}],"curies":[{"name":"wp","href":"https:\/\/api.w.org\/{rel}","templated":true}]}}