{"id":10731,"date":"2020-03-02T10:40:12","date_gmt":"2020-03-02T09:40:12","guid":{"rendered":"https:\/\/marneantic.com\/?post_type=product&#038;p=10731"},"modified":"2020-08-10T14:59:53","modified_gmt":"2020-08-10T13:59:53","slug":"lampe-a-petrole-ancienne-4","status":"publish","type":"product","link":"https:\/\/marneantic.com\/index.php\/produit\/lampe-a-petrole-ancienne-4\/","title":{"rendered":"Lampe a p\u00e9trole ancienne"},"content":{"rendered":"","protected":false},"excerpt":{"rendered":"<p>lampe \u00e0 p\u00e9trole ancienne,compl\u00e8te en tr\u00e8s bon \u00e9tat ext\u00e9rieur et de fonctionnement,pied en bronze et r\u00e9servoir en cristal taill\u00e9,hauteur totale:58cm,diam\u00e8tre du r\u00e9servoir:10cm<\/p>\n","protected":false},"featured_media":10732,"comment_status":"open","ping_status":"closed","template":"","meta":{"_et_pb_use_builder":"","_et_pb_old_content":"","_et_gb_content_width":""},"product_cat":[8],"product_tag":[],"_links":{"self":[{"href":"https:\/\/marneantic.com\/index.php\/wp-json\/wp\/v2\/product\/10731"}],"collection":[{"href":"https:\/\/marneantic.com\/index.php\/wp-json\/wp\/v2\/product"}],"about":[{"href":"https:\/\/marneantic.com\/index.php\/wp-json\/wp\/v2\/types\/product"}],"replies":[{"embeddable":true,"href":"https:\/\/marneantic.com\/index.php\/wp-json\/wp\/v2\/comments?post=10731"}],"wp:featuredmedia":[{"embeddable":true,"href":"https:\/\/marneantic.com\/index.php\/wp-json\/wp\/v2\/media\/10732"}],"wp:attachment":[{"href":"https:\/\/marneantic.com\/index.php\/wp-json\/wp\/v2\/media?parent=10731"}],"wp:term":[{"taxonomy":"product_cat","embeddable":true,"href":"https:\/\/marneantic.com\/index.php\/wp-json\/wp\/v2\/product_cat?post=10731"},{"taxonomy":"product_tag","embeddable":true,"href":"https:\/\/marneantic.com\/index.php\/wp-json\/wp\/v2\/product_tag?post=10731"}],"curies":[{"name":"wp","href":"https:\/\/api.w.org\/{rel}","templated":true}]}}