{"id":10750,"date":"2020-03-04T11:22:18","date_gmt":"2020-03-04T10:22:18","guid":{"rendered":"https:\/\/marneantic.com\/?post_type=product&#038;p=10750"},"modified":"2020-03-04T11:22:18","modified_gmt":"2020-03-04T10:22:18","slug":"paire-de-lampes-art-deco-cristal-et-metal-chrome","status":"publish","type":"product","link":"https:\/\/marneantic.com\/index.php\/produit\/paire-de-lampes-art-deco-cristal-et-metal-chrome\/","title":{"rendered":"Paire de lampes art-d\u00e9co cristal et m\u00e9tal chrom\u00e9"},"content":{"rendered":"","protected":false},"excerpt":{"rendered":"<p>Paire de lampes art-d\u00e9co compos\u00e9 de 3 boules en cristal d\u00e9cor\u00e9 et pied en m\u00e9tal chrom\u00e9(petites pointes d&rsquo;oxydation par endroits)interrupteur sur le socle,\u00e9lectricit\u00e9 refaite a neuf avec prises d&rsquo;origine,fournies avec ampoules,les abats-jours sont neufs:hauteur totale:41.5cm,diam\u00e8tre abat-jour:30cm,diam\u00e8tre du socle:18cm,pas d&rsquo;exp\u00e9dition pour cet article trop fragile, remise en main propre domicile ou livraison possible en r\u00e9gion parisienne(conditions sur demande)<\/p>\n<p>&nbsp;<\/p>\n","protected":false},"featured_media":10751,"comment_status":"open","ping_status":"closed","template":"","meta":{"_et_pb_use_builder":"","_et_pb_old_content":"","_et_gb_content_width":""},"product_cat":[44,24,16],"product_tag":[],"_links":{"self":[{"href":"https:\/\/marneantic.com\/index.php\/wp-json\/wp\/v2\/product\/10750"}],"collection":[{"href":"https:\/\/marneantic.com\/index.php\/wp-json\/wp\/v2\/product"}],"about":[{"href":"https:\/\/marneantic.com\/index.php\/wp-json\/wp\/v2\/types\/product"}],"replies":[{"embeddable":true,"href":"https:\/\/marneantic.com\/index.php\/wp-json\/wp\/v2\/comments?post=10750"}],"wp:featuredmedia":[{"embeddable":true,"href":"https:\/\/marneantic.com\/index.php\/wp-json\/wp\/v2\/media\/10751"}],"wp:attachment":[{"href":"https:\/\/marneantic.com\/index.php\/wp-json\/wp\/v2\/media?parent=10750"}],"wp:term":[{"taxonomy":"product_cat","embeddable":true,"href":"https:\/\/marneantic.com\/index.php\/wp-json\/wp\/v2\/product_cat?post=10750"},{"taxonomy":"product_tag","embeddable":true,"href":"https:\/\/marneantic.com\/index.php\/wp-json\/wp\/v2\/product_tag?post=10750"}],"curies":[{"name":"wp","href":"https:\/\/api.w.org\/{rel}","templated":true}]}}