{"id":10811,"date":"2020-03-21T11:09:43","date_gmt":"2020-03-21T10:09:43","guid":{"rendered":"https:\/\/marneantic.com\/?post_type=product&#038;p=10811"},"modified":"2020-08-11T16:32:48","modified_gmt":"2020-08-11T15:32:48","slug":"lampe-a-petrole-ancienne-5","status":"publish","type":"product","link":"https:\/\/marneantic.com\/index.php\/produit\/lampe-a-petrole-ancienne-5\/","title":{"rendered":"Lampe a p\u00e9trole ancienne"},"content":{"rendered":"","protected":false},"excerpt":{"rendered":"<p>lampe \u00e0 p\u00e9trole ancienne,compl\u00e8te en bon \u00e9tat ext\u00e9rieur et de fonctionnement,pied en m\u00e9tal chrom\u00e9 avec manque important de chrome sur le socle,hauteur totale:52cm,diam\u00e8tre du r\u00e9servoir:6.5cm<\/p>\n","protected":false},"featured_media":10814,"comment_status":"open","ping_status":"closed","template":"","meta":{"_et_pb_use_builder":"","_et_pb_old_content":"","_et_gb_content_width":""},"product_cat":[8],"product_tag":[],"_links":{"self":[{"href":"https:\/\/marneantic.com\/index.php\/wp-json\/wp\/v2\/product\/10811"}],"collection":[{"href":"https:\/\/marneantic.com\/index.php\/wp-json\/wp\/v2\/product"}],"about":[{"href":"https:\/\/marneantic.com\/index.php\/wp-json\/wp\/v2\/types\/product"}],"replies":[{"embeddable":true,"href":"https:\/\/marneantic.com\/index.php\/wp-json\/wp\/v2\/comments?post=10811"}],"wp:featuredmedia":[{"embeddable":true,"href":"https:\/\/marneantic.com\/index.php\/wp-json\/wp\/v2\/media\/10814"}],"wp:attachment":[{"href":"https:\/\/marneantic.com\/index.php\/wp-json\/wp\/v2\/media?parent=10811"}],"wp:term":[{"taxonomy":"product_cat","embeddable":true,"href":"https:\/\/marneantic.com\/index.php\/wp-json\/wp\/v2\/product_cat?post=10811"},{"taxonomy":"product_tag","embeddable":true,"href":"https:\/\/marneantic.com\/index.php\/wp-json\/wp\/v2\/product_tag?post=10811"}],"curies":[{"name":"wp","href":"https:\/\/api.w.org\/{rel}","templated":true}]}}