{"id":10856,"date":"2020-03-26T14:50:08","date_gmt":"2020-03-26T13:50:08","guid":{"rendered":"https:\/\/marneantic.com\/?post_type=product&#038;p=10856"},"modified":"2020-03-26T15:27:36","modified_gmt":"2020-03-26T14:27:36","slug":"verre-a-liqueur-ancien-en-cristal-cisele-4","status":"publish","type":"product","link":"https:\/\/marneantic.com\/index.php\/produit\/verre-a-liqueur-ancien-en-cristal-cisele-4\/","title":{"rendered":"Verre \u00e0 liqueur ancien en cristal cisel\u00e9"},"content":{"rendered":"","protected":false},"excerpt":{"rendered":"<p>Verre \u00e0 liqueur ancien en cristal cisel\u00e9,en tr\u00e8s bon \u00e9tat,hauteur:8.46cm,diam\u00e8tre du buvant:3.5cm,diam\u00e8tre du pied:4cm<\/p>\n","protected":false},"featured_media":10857,"comment_status":"closed","ping_status":"closed","template":"","meta":{"_et_pb_use_builder":"","_et_pb_old_content":"","_et_gb_content_width":""},"product_cat":[10,11],"product_tag":[],"_links":{"self":[{"href":"https:\/\/marneantic.com\/index.php\/wp-json\/wp\/v2\/product\/10856"}],"collection":[{"href":"https:\/\/marneantic.com\/index.php\/wp-json\/wp\/v2\/product"}],"about":[{"href":"https:\/\/marneantic.com\/index.php\/wp-json\/wp\/v2\/types\/product"}],"replies":[{"embeddable":true,"href":"https:\/\/marneantic.com\/index.php\/wp-json\/wp\/v2\/comments?post=10856"}],"wp:featuredmedia":[{"embeddable":true,"href":"https:\/\/marneantic.com\/index.php\/wp-json\/wp\/v2\/media\/10857"}],"wp:attachment":[{"href":"https:\/\/marneantic.com\/index.php\/wp-json\/wp\/v2\/media?parent=10856"}],"wp:term":[{"taxonomy":"product_cat","embeddable":true,"href":"https:\/\/marneantic.com\/index.php\/wp-json\/wp\/v2\/product_cat?post=10856"},{"taxonomy":"product_tag","embeddable":true,"href":"https:\/\/marneantic.com\/index.php\/wp-json\/wp\/v2\/product_tag?post=10856"}],"curies":[{"name":"wp","href":"https:\/\/api.w.org\/{rel}","templated":true}]}}