{"id":10863,"date":"2020-03-26T16:06:27","date_gmt":"2020-03-26T15:06:27","guid":{"rendered":"https:\/\/marneantic.com\/?post_type=product&#038;p=10863"},"modified":"2020-03-26T16:17:06","modified_gmt":"2020-03-26T15:17:06","slug":"moutardier-vintage-en-faiencesigne","status":"publish","type":"product","link":"https:\/\/marneantic.com\/index.php\/produit\/moutardier-vintage-en-faiencesigne\/","title":{"rendered":"Moutardier vintage en faience,sign\u00e9"},"content":{"rendered":"","protected":false},"excerpt":{"rendered":"<p>Moutardier vintage en fa\u00efence,poign\u00e9e en forme d&rsquo;oiseau,sign\u00e9\u00a0avec cuill\u00e8re en os,en tr\u00e8s bon \u00e9tat,hauteur:6cm,diametre:5cm<\/p>\n","protected":false},"featured_media":10866,"comment_status":"closed","ping_status":"closed","template":"","meta":{"_et_pb_use_builder":"","_et_pb_old_content":"","_et_gb_content_width":""},"product_cat":[13,10,16],"product_tag":[],"_links":{"self":[{"href":"https:\/\/marneantic.com\/index.php\/wp-json\/wp\/v2\/product\/10863"}],"collection":[{"href":"https:\/\/marneantic.com\/index.php\/wp-json\/wp\/v2\/product"}],"about":[{"href":"https:\/\/marneantic.com\/index.php\/wp-json\/wp\/v2\/types\/product"}],"replies":[{"embeddable":true,"href":"https:\/\/marneantic.com\/index.php\/wp-json\/wp\/v2\/comments?post=10863"}],"wp:featuredmedia":[{"embeddable":true,"href":"https:\/\/marneantic.com\/index.php\/wp-json\/wp\/v2\/media\/10866"}],"wp:attachment":[{"href":"https:\/\/marneantic.com\/index.php\/wp-json\/wp\/v2\/media?parent=10863"}],"wp:term":[{"taxonomy":"product_cat","embeddable":true,"href":"https:\/\/marneantic.com\/index.php\/wp-json\/wp\/v2\/product_cat?post=10863"},{"taxonomy":"product_tag","embeddable":true,"href":"https:\/\/marneantic.com\/index.php\/wp-json\/wp\/v2\/product_tag?post=10863"}],"curies":[{"name":"wp","href":"https:\/\/api.w.org\/{rel}","templated":true}]}}