{"id":11037,"date":"2020-04-21T16:13:31","date_gmt":"2020-04-21T15:13:31","guid":{"rendered":"https:\/\/marneantic.com\/?post_type=product&#038;p=11037"},"modified":"2020-04-21T16:20:22","modified_gmt":"2020-04-21T15:20:22","slug":"theiere-ancienne-porcelaine-de-bohememodeletoscana","status":"publish","type":"product","link":"https:\/\/marneantic.com\/index.php\/produit\/theiere-ancienne-porcelaine-de-bohememodeletoscana\/","title":{"rendered":"Th\u00e9i\u00e8re ancienne porcelaine de Boheme,modele\u00a0\u00bbToscana\u00a0\u00bb"},"content":{"rendered":"","protected":false},"excerpt":{"rendered":"<p>th\u00e9i\u00e8re ancienne en porcelaine de Boheme,modele\u00a0\u00bbToscana\u00a0\u00bb, en tr\u00e8s bon \u00e9tat,dimensions hors bec et poign\u00e9e,hauteur:21cm,diametre:13cm<\/p>\n","protected":false},"featured_media":11038,"comment_status":"closed","ping_status":"closed","template":"","meta":{"_et_pb_use_builder":"","_et_pb_old_content":"","_et_gb_content_width":""},"product_cat":[26,7],"product_tag":[],"_links":{"self":[{"href":"https:\/\/marneantic.com\/index.php\/wp-json\/wp\/v2\/product\/11037"}],"collection":[{"href":"https:\/\/marneantic.com\/index.php\/wp-json\/wp\/v2\/product"}],"about":[{"href":"https:\/\/marneantic.com\/index.php\/wp-json\/wp\/v2\/types\/product"}],"replies":[{"embeddable":true,"href":"https:\/\/marneantic.com\/index.php\/wp-json\/wp\/v2\/comments?post=11037"}],"wp:featuredmedia":[{"embeddable":true,"href":"https:\/\/marneantic.com\/index.php\/wp-json\/wp\/v2\/media\/11038"}],"wp:attachment":[{"href":"https:\/\/marneantic.com\/index.php\/wp-json\/wp\/v2\/media?parent=11037"}],"wp:term":[{"taxonomy":"product_cat","embeddable":true,"href":"https:\/\/marneantic.com\/index.php\/wp-json\/wp\/v2\/product_cat?post=11037"},{"taxonomy":"product_tag","embeddable":true,"href":"https:\/\/marneantic.com\/index.php\/wp-json\/wp\/v2\/product_tag?post=11037"}],"curies":[{"name":"wp","href":"https:\/\/api.w.org\/{rel}","templated":true}]}}