{"id":11066,"date":"2020-04-25T13:41:19","date_gmt":"2020-04-25T12:41:19","guid":{"rendered":"https:\/\/marneantic.com\/?post_type=product&#038;p=11066"},"modified":"2020-09-22T12:48:02","modified_gmt":"2020-09-22T11:48:02","slug":"lampe-a-petrole-ancienne-7","status":"publish","type":"product","link":"https:\/\/marneantic.com\/index.php\/produit\/lampe-a-petrole-ancienne-7\/","title":{"rendered":"Lampe a p\u00e9trole ancienne"},"content":{"rendered":"","protected":false},"excerpt":{"rendered":"<p>lampe \u00e0 p\u00e9trole ancienne,compl\u00e8te en tr\u00e8s bon \u00e9tat ext\u00e9rieur et de fonctionnement,pied en r\u00e9gule argent\u00e9(usure de l&rsquo;argenture sur les reliefs) et r\u00e9servoir en cristal taill\u00e9,hauteur totale:49cm,diam\u00e8tre du r\u00e9servoir:13cm<\/p>\n","protected":false},"featured_media":11069,"comment_status":"open","ping_status":"closed","template":"","meta":{"_et_pb_use_builder":"","_et_pb_old_content":"","_et_gb_content_width":""},"product_cat":[8],"product_tag":[],"_links":{"self":[{"href":"https:\/\/marneantic.com\/index.php\/wp-json\/wp\/v2\/product\/11066"}],"collection":[{"href":"https:\/\/marneantic.com\/index.php\/wp-json\/wp\/v2\/product"}],"about":[{"href":"https:\/\/marneantic.com\/index.php\/wp-json\/wp\/v2\/types\/product"}],"replies":[{"embeddable":true,"href":"https:\/\/marneantic.com\/index.php\/wp-json\/wp\/v2\/comments?post=11066"}],"wp:featuredmedia":[{"embeddable":true,"href":"https:\/\/marneantic.com\/index.php\/wp-json\/wp\/v2\/media\/11069"}],"wp:attachment":[{"href":"https:\/\/marneantic.com\/index.php\/wp-json\/wp\/v2\/media?parent=11066"}],"wp:term":[{"taxonomy":"product_cat","embeddable":true,"href":"https:\/\/marneantic.com\/index.php\/wp-json\/wp\/v2\/product_cat?post=11066"},{"taxonomy":"product_tag","embeddable":true,"href":"https:\/\/marneantic.com\/index.php\/wp-json\/wp\/v2\/product_tag?post=11066"}],"curies":[{"name":"wp","href":"https:\/\/api.w.org\/{rel}","templated":true}]}}