{"id":1109,"date":"2016-03-29T14:20:16","date_gmt":"2016-03-29T13:20:16","guid":{"rendered":"http:\/\/marneantic.com\/?post_type=product&#038;p=1109"},"modified":"2016-10-17T16:16:16","modified_gmt":"2016-10-17T15:16:16","slug":"service-a-oeuf-individuel-ancien","status":"publish","type":"product","link":"https:\/\/marneantic.com\/index.php\/produit\/service-a-oeuf-individuel-ancien\/","title":{"rendered":"Service \u00e0 \u0153uf individuel ancien"},"content":{"rendered":"","protected":false},"excerpt":{"rendered":"<p>Service \u00e0 \u0153uf individuel ancien en porcelaine iris\u00e9e tch\u00e8que(Victoria)en parfait \u00e9tat<\/p>\n<p>coquetier hauteur:6.3cm,diametre:4.5cm<\/p>\n<p>beurrier diametre:5.4cm,hauteur:3cm<\/p>\n<p>plateau:17.3&#215;6.5cm<\/p>\n","protected":false},"featured_media":1110,"comment_status":"closed","ping_status":"closed","template":"","meta":{"_et_pb_use_builder":"","_et_pb_old_content":"","_et_gb_content_width":""},"product_cat":[13,10,28,7],"product_tag":[],"_links":{"self":[{"href":"https:\/\/marneantic.com\/index.php\/wp-json\/wp\/v2\/product\/1109"}],"collection":[{"href":"https:\/\/marneantic.com\/index.php\/wp-json\/wp\/v2\/product"}],"about":[{"href":"https:\/\/marneantic.com\/index.php\/wp-json\/wp\/v2\/types\/product"}],"replies":[{"embeddable":true,"href":"https:\/\/marneantic.com\/index.php\/wp-json\/wp\/v2\/comments?post=1109"}],"wp:featuredmedia":[{"embeddable":true,"href":"https:\/\/marneantic.com\/index.php\/wp-json\/wp\/v2\/media\/1110"}],"wp:attachment":[{"href":"https:\/\/marneantic.com\/index.php\/wp-json\/wp\/v2\/media?parent=1109"}],"wp:term":[{"taxonomy":"product_cat","embeddable":true,"href":"https:\/\/marneantic.com\/index.php\/wp-json\/wp\/v2\/product_cat?post=1109"},{"taxonomy":"product_tag","embeddable":true,"href":"https:\/\/marneantic.com\/index.php\/wp-json\/wp\/v2\/product_tag?post=1109"}],"curies":[{"name":"wp","href":"https:\/\/api.w.org\/{rel}","templated":true}]}}