{"id":11098,"date":"2020-04-28T15:52:39","date_gmt":"2020-04-28T14:52:39","guid":{"rendered":"https:\/\/marneantic.com\/?post_type=product&#038;p=11098"},"modified":"2020-04-28T16:09:37","modified_gmt":"2020-04-28T15:09:37","slug":"lampe-art-decopied-en-cristal-noir","status":"publish","type":"product","link":"https:\/\/marneantic.com\/index.php\/produit\/lampe-art-decopied-en-cristal-noir\/","title":{"rendered":"Lampe art-d\u00e9co,pied en cristal noir"},"content":{"rendered":"","protected":false},"excerpt":{"rendered":"<p>Lampe art-d\u00e9co en cristal noir et transparent,en tr\u00e8s bon \u00e9tat,a signaler un petit \u00e9clat sous le rebord du pied visible du dessous(voir photos), \u00e9lectricit\u00e9 test\u00e9e, interrupteur sur le socle, fournie avec ampoule<br \/>\nhauteur totale:38cm,diam\u00e8tre:25cm,abat jour neuf<\/p>\n","protected":false},"featured_media":11102,"comment_status":"closed","ping_status":"closed","template":"","meta":{"_et_pb_use_builder":"","_et_pb_old_content":"","_et_gb_content_width":""},"product_cat":[44,24],"product_tag":[],"_links":{"self":[{"href":"https:\/\/marneantic.com\/index.php\/wp-json\/wp\/v2\/product\/11098"}],"collection":[{"href":"https:\/\/marneantic.com\/index.php\/wp-json\/wp\/v2\/product"}],"about":[{"href":"https:\/\/marneantic.com\/index.php\/wp-json\/wp\/v2\/types\/product"}],"replies":[{"embeddable":true,"href":"https:\/\/marneantic.com\/index.php\/wp-json\/wp\/v2\/comments?post=11098"}],"wp:featuredmedia":[{"embeddable":true,"href":"https:\/\/marneantic.com\/index.php\/wp-json\/wp\/v2\/media\/11102"}],"wp:attachment":[{"href":"https:\/\/marneantic.com\/index.php\/wp-json\/wp\/v2\/media?parent=11098"}],"wp:term":[{"taxonomy":"product_cat","embeddable":true,"href":"https:\/\/marneantic.com\/index.php\/wp-json\/wp\/v2\/product_cat?post=11098"},{"taxonomy":"product_tag","embeddable":true,"href":"https:\/\/marneantic.com\/index.php\/wp-json\/wp\/v2\/product_tag?post=11098"}],"curies":[{"name":"wp","href":"https:\/\/api.w.org\/{rel}","templated":true}]}}