{"id":1119,"date":"2016-03-29T14:50:34","date_gmt":"2016-03-29T13:50:34","guid":{"rendered":"http:\/\/marneantic.com\/index.php\/produit\/soupiere-en-faience-de-st-amand-debut-20ememodele-louis-xvi\/"},"modified":"2018-01-10T17:11:42","modified_gmt":"2018-01-10T16:11:42","slug":"soupiere-en-faience-de-st-amand-debut-20ememodele-louis-xvi","status":"publish","type":"product","link":"https:\/\/marneantic.com\/index.php\/produit\/soupiere-en-faience-de-st-amand-debut-20ememodele-louis-xvi\/","title":{"rendered":"Soupiere en fa\u00efence de st Amand d\u00e9but 20\u00e8me,mod\u00e8le louis XVI"},"content":{"rendered":"","protected":false},"excerpt":{"rendered":"<p>Soupi\u00e8re en fa\u00efence de st Amand d\u00e9but 20\u00e8me,mod\u00e8le louis XVI,manufacture Lebacqz&amp;Bouchart,en tr\u00e8s bon \u00e9tat(\u00e0 signaler un petit \u00e9clat sous le couvercle visible uniquement de l\u2019int\u00e9rieur)<\/p>\n","protected":false},"featured_media":1120,"comment_status":"closed","ping_status":"closed","template":"","meta":{"_et_pb_use_builder":"","_et_pb_old_content":"","_et_gb_content_width":""},"product_cat":[28,7],"product_tag":[],"_links":{"self":[{"href":"https:\/\/marneantic.com\/index.php\/wp-json\/wp\/v2\/product\/1119"}],"collection":[{"href":"https:\/\/marneantic.com\/index.php\/wp-json\/wp\/v2\/product"}],"about":[{"href":"https:\/\/marneantic.com\/index.php\/wp-json\/wp\/v2\/types\/product"}],"replies":[{"embeddable":true,"href":"https:\/\/marneantic.com\/index.php\/wp-json\/wp\/v2\/comments?post=1119"}],"wp:featuredmedia":[{"embeddable":true,"href":"https:\/\/marneantic.com\/index.php\/wp-json\/wp\/v2\/media\/1120"}],"wp:attachment":[{"href":"https:\/\/marneantic.com\/index.php\/wp-json\/wp\/v2\/media?parent=1119"}],"wp:term":[{"taxonomy":"product_cat","embeddable":true,"href":"https:\/\/marneantic.com\/index.php\/wp-json\/wp\/v2\/product_cat?post=1119"},{"taxonomy":"product_tag","embeddable":true,"href":"https:\/\/marneantic.com\/index.php\/wp-json\/wp\/v2\/product_tag?post=1119"}],"curies":[{"name":"wp","href":"https:\/\/api.w.org\/{rel}","templated":true}]}}