{"id":11261,"date":"2020-05-14T15:29:24","date_gmt":"2020-05-14T14:29:24","guid":{"rendered":"https:\/\/marneantic.com\/?post_type=product&#038;p=11261"},"modified":"2021-04-21T07:39:03","modified_gmt":"2021-04-21T06:39:03","slug":"st-louisverre-ancien-en-cristalmodele-tacite-2","status":"publish","type":"product","link":"https:\/\/marneantic.com\/index.php\/produit\/st-louisverre-ancien-en-cristalmodele-tacite-2\/","title":{"rendered":"ST LOUIS:verre ancien en cristal,modele TACITE"},"content":{"rendered":"","protected":false},"excerpt":{"rendered":"<p>ST LOUIS:verre ancien en cristal,mod\u00e8le TACITE,en tr\u00e8s bon \u00e9tat,hauteur:9cm,diam\u00e8tre du buvant:5.7cm,diam\u00e8tre du pied:5.5cm,sur tout les verres de cette s\u00e9rie mis en vente un seul est estampill\u00e9(grand mod\u00e8le 11cm)<\/p>\n","protected":false},"featured_media":11262,"comment_status":"closed","ping_status":"closed","template":"","meta":{"_et_pb_use_builder":"","_et_pb_old_content":"","_et_gb_content_width":""},"product_cat":[10,11],"product_tag":[],"_links":{"self":[{"href":"https:\/\/marneantic.com\/index.php\/wp-json\/wp\/v2\/product\/11261"}],"collection":[{"href":"https:\/\/marneantic.com\/index.php\/wp-json\/wp\/v2\/product"}],"about":[{"href":"https:\/\/marneantic.com\/index.php\/wp-json\/wp\/v2\/types\/product"}],"replies":[{"embeddable":true,"href":"https:\/\/marneantic.com\/index.php\/wp-json\/wp\/v2\/comments?post=11261"}],"wp:featuredmedia":[{"embeddable":true,"href":"https:\/\/marneantic.com\/index.php\/wp-json\/wp\/v2\/media\/11262"}],"wp:attachment":[{"href":"https:\/\/marneantic.com\/index.php\/wp-json\/wp\/v2\/media?parent=11261"}],"wp:term":[{"taxonomy":"product_cat","embeddable":true,"href":"https:\/\/marneantic.com\/index.php\/wp-json\/wp\/v2\/product_cat?post=11261"},{"taxonomy":"product_tag","embeddable":true,"href":"https:\/\/marneantic.com\/index.php\/wp-json\/wp\/v2\/product_tag?post=11261"}],"curies":[{"name":"wp","href":"https:\/\/api.w.org\/{rel}","templated":true}]}}