{"id":11263,"date":"2020-05-14T15:36:40","date_gmt":"2020-05-14T14:36:40","guid":{"rendered":"https:\/\/marneantic.com\/?post_type=product&#038;p=11263"},"modified":"2023-06-27T04:45:11","modified_gmt":"2023-06-27T03:45:11","slug":"st-louisverre-ancien-en-cristalmodele-tacite-3","status":"publish","type":"product","link":"https:\/\/marneantic.com\/index.php\/produit\/st-louisverre-ancien-en-cristalmodele-tacite-3\/","title":{"rendered":"ST LOUIS:verre ancien en cristal,modele TACITE"},"content":{"rendered":"<p>5<\/p>\n","protected":false},"excerpt":{"rendered":"<p>ST LOUIS:verre ancien en cristal,mod\u00e8le TACITE,en tr\u00e8s bon \u00e9tat,hauteur:8cm,diam\u00e8tre du buvant:5cm,diam\u00e8tre du pied:4.8cm,sur tout les verres de cette s\u00e9rie mis en vente un seul est estampill\u00e9(grand mod\u00e8le 11cm)<\/p>\n","protected":false},"featured_media":11264,"comment_status":"closed","ping_status":"closed","template":"","meta":{"_et_pb_use_builder":"","_et_pb_old_content":"","_et_gb_content_width":""},"product_cat":[10,11],"product_tag":[],"_links":{"self":[{"href":"https:\/\/marneantic.com\/index.php\/wp-json\/wp\/v2\/product\/11263"}],"collection":[{"href":"https:\/\/marneantic.com\/index.php\/wp-json\/wp\/v2\/product"}],"about":[{"href":"https:\/\/marneantic.com\/index.php\/wp-json\/wp\/v2\/types\/product"}],"replies":[{"embeddable":true,"href":"https:\/\/marneantic.com\/index.php\/wp-json\/wp\/v2\/comments?post=11263"}],"wp:featuredmedia":[{"embeddable":true,"href":"https:\/\/marneantic.com\/index.php\/wp-json\/wp\/v2\/media\/11264"}],"wp:attachment":[{"href":"https:\/\/marneantic.com\/index.php\/wp-json\/wp\/v2\/media?parent=11263"}],"wp:term":[{"taxonomy":"product_cat","embeddable":true,"href":"https:\/\/marneantic.com\/index.php\/wp-json\/wp\/v2\/product_cat?post=11263"},{"taxonomy":"product_tag","embeddable":true,"href":"https:\/\/marneantic.com\/index.php\/wp-json\/wp\/v2\/product_tag?post=11263"}],"curies":[{"name":"wp","href":"https:\/\/api.w.org\/{rel}","templated":true}]}}