{"id":1132,"date":"2016-03-30T15:06:26","date_gmt":"2016-03-30T14:06:26","guid":{"rendered":"http:\/\/marneantic.com\/index.php\/produit\/porte-picsoiseaufaience-annees-60\/"},"modified":"2016-03-30T15:13:48","modified_gmt":"2016-03-30T14:13:48","slug":"porte-picsoiseaufaience-annees-60","status":"publish","type":"product","link":"https:\/\/marneantic.com\/index.php\/produit\/porte-picsoiseaufaience-annees-60\/","title":{"rendered":"Porte-pics\u00a0\u00bboiseau\u00a0\u00bbfa\u00efence ann\u00e9es 60&prime;"},"content":{"rendered":"","protected":false},"excerpt":{"rendered":"<p>Porte-pics\u00a0\u00bboiseau\u00a0\u00bbfa\u00efence ann\u00e9es 60&prime;,10 pics,en tr\u00e8s bon \u00e9tat,fabrique inconnue<\/p>\n","protected":false},"featured_media":1133,"comment_status":"closed","ping_status":"closed","template":"","meta":{"_et_pb_use_builder":"","_et_pb_old_content":"","_et_gb_content_width":""},"product_cat":[13,10,16],"product_tag":[],"_links":{"self":[{"href":"https:\/\/marneantic.com\/index.php\/wp-json\/wp\/v2\/product\/1132"}],"collection":[{"href":"https:\/\/marneantic.com\/index.php\/wp-json\/wp\/v2\/product"}],"about":[{"href":"https:\/\/marneantic.com\/index.php\/wp-json\/wp\/v2\/types\/product"}],"replies":[{"embeddable":true,"href":"https:\/\/marneantic.com\/index.php\/wp-json\/wp\/v2\/comments?post=1132"}],"wp:featuredmedia":[{"embeddable":true,"href":"https:\/\/marneantic.com\/index.php\/wp-json\/wp\/v2\/media\/1133"}],"wp:attachment":[{"href":"https:\/\/marneantic.com\/index.php\/wp-json\/wp\/v2\/media?parent=1132"}],"wp:term":[{"taxonomy":"product_cat","embeddable":true,"href":"https:\/\/marneantic.com\/index.php\/wp-json\/wp\/v2\/product_cat?post=1132"},{"taxonomy":"product_tag","embeddable":true,"href":"https:\/\/marneantic.com\/index.php\/wp-json\/wp\/v2\/product_tag?post=1132"}],"curies":[{"name":"wp","href":"https:\/\/api.w.org\/{rel}","templated":true}]}}