{"id":11346,"date":"2020-05-24T15:45:47","date_gmt":"2020-05-24T14:45:47","guid":{"rendered":"https:\/\/marneantic.com\/?post_type=product&#038;p=11346"},"modified":"2020-05-24T15:50:46","modified_gmt":"2020-05-24T14:50:46","slug":"pichet-publicitaire-ancien-whisky-jb","status":"publish","type":"product","link":"https:\/\/marneantic.com\/index.php\/produit\/pichet-publicitaire-ancien-whisky-jb\/","title":{"rendered":"Pichet publicitaire ancien \u00ab\u00a0whisky J&#038;B\u00a0\u00bb"},"content":{"rendered":"","protected":false},"excerpt":{"rendered":"<p>Pichet publicitaire ancien \u00ab\u00a0whisky J&amp;B\u00a0\u00bb en fa\u00efence,en tr\u00e8s bon \u00e9tat,hauteur:17cm<\/p>\n","protected":false},"featured_media":11348,"comment_status":"closed","ping_status":"closed","template":"","meta":{"_et_pb_use_builder":"","_et_pb_old_content":"","_et_gb_content_width":""},"product_cat":[15],"product_tag":[],"_links":{"self":[{"href":"https:\/\/marneantic.com\/index.php\/wp-json\/wp\/v2\/product\/11346"}],"collection":[{"href":"https:\/\/marneantic.com\/index.php\/wp-json\/wp\/v2\/product"}],"about":[{"href":"https:\/\/marneantic.com\/index.php\/wp-json\/wp\/v2\/types\/product"}],"replies":[{"embeddable":true,"href":"https:\/\/marneantic.com\/index.php\/wp-json\/wp\/v2\/comments?post=11346"}],"wp:featuredmedia":[{"embeddable":true,"href":"https:\/\/marneantic.com\/index.php\/wp-json\/wp\/v2\/media\/11348"}],"wp:attachment":[{"href":"https:\/\/marneantic.com\/index.php\/wp-json\/wp\/v2\/media?parent=11346"}],"wp:term":[{"taxonomy":"product_cat","embeddable":true,"href":"https:\/\/marneantic.com\/index.php\/wp-json\/wp\/v2\/product_cat?post=11346"},{"taxonomy":"product_tag","embeddable":true,"href":"https:\/\/marneantic.com\/index.php\/wp-json\/wp\/v2\/product_tag?post=11346"}],"curies":[{"name":"wp","href":"https:\/\/api.w.org\/{rel}","templated":true}]}}