{"id":11447,"date":"2020-06-05T12:07:08","date_gmt":"2020-06-05T11:07:08","guid":{"rendered":"https:\/\/marneantic.com\/?post_type=product&#038;p=11447"},"modified":"2020-06-05T12:17:24","modified_gmt":"2020-06-05T11:17:24","slug":"12-assiettes-a-dessert-anciennes-en-porcelaine-de-limoges-2","status":"publish","type":"product","link":"https:\/\/marneantic.com\/index.php\/produit\/12-assiettes-a-dessert-anciennes-en-porcelaine-de-limoges-2\/","title":{"rendered":"12 assiettes a dessert anciennes en porcelaine de Limoges"},"content":{"rendered":"","protected":false},"excerpt":{"rendered":"<p>12 assiettes a dessert anciennes en porcelaine de Limoges,vers 1930,en tr\u00e8s bon \u00e9tat,diam\u00e8tre:17cm<\/p>\n","protected":false},"featured_media":11449,"comment_status":"closed","ping_status":"closed","template":"","meta":{"_et_pb_use_builder":"","_et_pb_old_content":"","_et_gb_content_width":""},"product_cat":[44,27,7],"product_tag":[],"_links":{"self":[{"href":"https:\/\/marneantic.com\/index.php\/wp-json\/wp\/v2\/product\/11447"}],"collection":[{"href":"https:\/\/marneantic.com\/index.php\/wp-json\/wp\/v2\/product"}],"about":[{"href":"https:\/\/marneantic.com\/index.php\/wp-json\/wp\/v2\/types\/product"}],"replies":[{"embeddable":true,"href":"https:\/\/marneantic.com\/index.php\/wp-json\/wp\/v2\/comments?post=11447"}],"wp:featuredmedia":[{"embeddable":true,"href":"https:\/\/marneantic.com\/index.php\/wp-json\/wp\/v2\/media\/11449"}],"wp:attachment":[{"href":"https:\/\/marneantic.com\/index.php\/wp-json\/wp\/v2\/media?parent=11447"}],"wp:term":[{"taxonomy":"product_cat","embeddable":true,"href":"https:\/\/marneantic.com\/index.php\/wp-json\/wp\/v2\/product_cat?post=11447"},{"taxonomy":"product_tag","embeddable":true,"href":"https:\/\/marneantic.com\/index.php\/wp-json\/wp\/v2\/product_tag?post=11447"}],"curies":[{"name":"wp","href":"https:\/\/api.w.org\/{rel}","templated":true}]}}