{"id":11459,"date":"2020-06-05T13:26:17","date_gmt":"2020-06-05T12:26:17","guid":{"rendered":"https:\/\/marneantic.com\/?post_type=product&#038;p=11459"},"modified":"2020-06-05T13:32:36","modified_gmt":"2020-06-05T12:32:36","slug":"tasse-a-the-ancienne-en-porcelaine-tcheque-2","status":"publish","type":"product","link":"https:\/\/marneantic.com\/index.php\/produit\/tasse-a-the-ancienne-en-porcelaine-tcheque-2\/","title":{"rendered":"Tasse \u00e0 th\u00e9 ancienne en porcelaine tcheque"},"content":{"rendered":"","protected":false},"excerpt":{"rendered":"<p>tasse \u00e0 th\u00e9 ancienne en porcelaine tcheque,en tr\u00e8s bon \u00e9tat,tasse diametre:7.5cm,hauteur:5.2cm,soucoupe diametre:13.5cm<\/p>\n","protected":false},"featured_media":11460,"comment_status":"closed","ping_status":"closed","template":"","meta":{"_et_pb_use_builder":"","_et_pb_old_content":"","_et_gb_content_width":""},"product_cat":[26,7],"product_tag":[],"_links":{"self":[{"href":"https:\/\/marneantic.com\/index.php\/wp-json\/wp\/v2\/product\/11459"}],"collection":[{"href":"https:\/\/marneantic.com\/index.php\/wp-json\/wp\/v2\/product"}],"about":[{"href":"https:\/\/marneantic.com\/index.php\/wp-json\/wp\/v2\/types\/product"}],"replies":[{"embeddable":true,"href":"https:\/\/marneantic.com\/index.php\/wp-json\/wp\/v2\/comments?post=11459"}],"wp:featuredmedia":[{"embeddable":true,"href":"https:\/\/marneantic.com\/index.php\/wp-json\/wp\/v2\/media\/11460"}],"wp:attachment":[{"href":"https:\/\/marneantic.com\/index.php\/wp-json\/wp\/v2\/media?parent=11459"}],"wp:term":[{"taxonomy":"product_cat","embeddable":true,"href":"https:\/\/marneantic.com\/index.php\/wp-json\/wp\/v2\/product_cat?post=11459"},{"taxonomy":"product_tag","embeddable":true,"href":"https:\/\/marneantic.com\/index.php\/wp-json\/wp\/v2\/product_tag?post=11459"}],"curies":[{"name":"wp","href":"https:\/\/api.w.org\/{rel}","templated":true}]}}