{"id":11504,"date":"2020-06-10T15:24:03","date_gmt":"2020-06-10T14:24:03","guid":{"rendered":"https:\/\/marneantic.com\/?post_type=product&#038;p=11504"},"modified":"2020-11-13T17:18:48","modified_gmt":"2020-11-13T16:18:48","slug":"pied-de-lampe-lyre-ancien-en-faience-et-bronze","status":"publish","type":"product","link":"https:\/\/marneantic.com\/index.php\/produit\/pied-de-lampe-lyre-ancien-en-faience-et-bronze\/","title":{"rendered":"Pied de lampe lyre ancien en faience et bronze"},"content":{"rendered":"","protected":false},"excerpt":{"rendered":"<p>Pied de lampe lyre ancien en faience et bronze,en tr\u00e8s bon \u00e9tat,avec \u00e9l\u00e9ctricit\u00e9 d&rsquo;origine,prise porcelaine(non test\u00e9)<br \/>\nhauteur totale:44cm<br \/>\nhauteur partie fa\u00efence:21cm<br \/>\ndiam\u00e8tre:10cm<\/p>\n","protected":false},"featured_media":11508,"comment_status":"open","ping_status":"closed","template":"","meta":{"_et_pb_use_builder":"","_et_pb_old_content":"","_et_gb_content_width":""},"product_cat":[24],"product_tag":[],"_links":{"self":[{"href":"https:\/\/marneantic.com\/index.php\/wp-json\/wp\/v2\/product\/11504"}],"collection":[{"href":"https:\/\/marneantic.com\/index.php\/wp-json\/wp\/v2\/product"}],"about":[{"href":"https:\/\/marneantic.com\/index.php\/wp-json\/wp\/v2\/types\/product"}],"replies":[{"embeddable":true,"href":"https:\/\/marneantic.com\/index.php\/wp-json\/wp\/v2\/comments?post=11504"}],"wp:featuredmedia":[{"embeddable":true,"href":"https:\/\/marneantic.com\/index.php\/wp-json\/wp\/v2\/media\/11508"}],"wp:attachment":[{"href":"https:\/\/marneantic.com\/index.php\/wp-json\/wp\/v2\/media?parent=11504"}],"wp:term":[{"taxonomy":"product_cat","embeddable":true,"href":"https:\/\/marneantic.com\/index.php\/wp-json\/wp\/v2\/product_cat?post=11504"},{"taxonomy":"product_tag","embeddable":true,"href":"https:\/\/marneantic.com\/index.php\/wp-json\/wp\/v2\/product_tag?post=11504"}],"curies":[{"name":"wp","href":"https:\/\/api.w.org\/{rel}","templated":true}]}}