{"id":11601,"date":"2020-06-19T15:29:03","date_gmt":"2020-06-19T14:29:03","guid":{"rendered":"https:\/\/marneantic.com\/?post_type=product&#038;p=11601"},"modified":"2023-02-03T13:34:07","modified_gmt":"2023-02-03T12:34:07","slug":"porte-serviette-art-deco-en-metal-chrome","status":"publish","type":"product","link":"https:\/\/marneantic.com\/index.php\/produit\/porte-serviette-art-deco-en-metal-chrome\/","title":{"rendered":"Porte-serviette art-d\u00e9co en m\u00e9tal chrom\u00e9"},"content":{"rendered":"","protected":false},"excerpt":{"rendered":"<p>Porte-serviette art-d\u00e9co mural en m\u00e9tal chrom\u00e9,en tr\u00e8s bon \u00e9tat,largeur:53cm,profondeur:28.5cm,hauteur:9cm<\/p>\n","protected":false},"featured_media":11604,"comment_status":"open","ping_status":"closed","template":"","meta":{"_et_pb_use_builder":"","_et_pb_old_content":"","_et_gb_content_width":""},"product_cat":[44,16],"product_tag":[],"_links":{"self":[{"href":"https:\/\/marneantic.com\/index.php\/wp-json\/wp\/v2\/product\/11601"}],"collection":[{"href":"https:\/\/marneantic.com\/index.php\/wp-json\/wp\/v2\/product"}],"about":[{"href":"https:\/\/marneantic.com\/index.php\/wp-json\/wp\/v2\/types\/product"}],"replies":[{"embeddable":true,"href":"https:\/\/marneantic.com\/index.php\/wp-json\/wp\/v2\/comments?post=11601"}],"wp:featuredmedia":[{"embeddable":true,"href":"https:\/\/marneantic.com\/index.php\/wp-json\/wp\/v2\/media\/11604"}],"wp:attachment":[{"href":"https:\/\/marneantic.com\/index.php\/wp-json\/wp\/v2\/media?parent=11601"}],"wp:term":[{"taxonomy":"product_cat","embeddable":true,"href":"https:\/\/marneantic.com\/index.php\/wp-json\/wp\/v2\/product_cat?post=11601"},{"taxonomy":"product_tag","embeddable":true,"href":"https:\/\/marneantic.com\/index.php\/wp-json\/wp\/v2\/product_tag?post=11601"}],"curies":[{"name":"wp","href":"https:\/\/api.w.org\/{rel}","templated":true}]}}