{"id":11605,"date":"2020-06-19T16:09:09","date_gmt":"2020-06-19T15:09:09","guid":{"rendered":"https:\/\/marneantic.com\/?post_type=product&#038;p=11605"},"modified":"2020-06-19T16:09:10","modified_gmt":"2020-06-19T15:09:10","slug":"coupelle-en-emaux-cloisonne-ancienne","status":"publish","type":"product","link":"https:\/\/marneantic.com\/index.php\/produit\/coupelle-en-emaux-cloisonne-ancienne\/","title":{"rendered":"Coupelle en emaux cloisonn\u00e9 ancienne"},"content":{"rendered":"","protected":false},"excerpt":{"rendered":"<p>Coupelle en emaux cloisonn\u00e9 ancienne,d\u00e9cor japonisant,en tr\u00e8s bon \u00e9tat<br \/>\nlongueur:11.5<br \/>\nlargeur:8.5cm<br \/>\nhauteur:2cm<\/p>\n","protected":false},"featured_media":11606,"comment_status":"open","ping_status":"closed","template":"","meta":{"_et_pb_use_builder":"","_et_pb_old_content":"","_et_gb_content_width":""},"product_cat":[14],"product_tag":[],"_links":{"self":[{"href":"https:\/\/marneantic.com\/index.php\/wp-json\/wp\/v2\/product\/11605"}],"collection":[{"href":"https:\/\/marneantic.com\/index.php\/wp-json\/wp\/v2\/product"}],"about":[{"href":"https:\/\/marneantic.com\/index.php\/wp-json\/wp\/v2\/types\/product"}],"replies":[{"embeddable":true,"href":"https:\/\/marneantic.com\/index.php\/wp-json\/wp\/v2\/comments?post=11605"}],"wp:featuredmedia":[{"embeddable":true,"href":"https:\/\/marneantic.com\/index.php\/wp-json\/wp\/v2\/media\/11606"}],"wp:attachment":[{"href":"https:\/\/marneantic.com\/index.php\/wp-json\/wp\/v2\/media?parent=11605"}],"wp:term":[{"taxonomy":"product_cat","embeddable":true,"href":"https:\/\/marneantic.com\/index.php\/wp-json\/wp\/v2\/product_cat?post=11605"},{"taxonomy":"product_tag","embeddable":true,"href":"https:\/\/marneantic.com\/index.php\/wp-json\/wp\/v2\/product_tag?post=11605"}],"curies":[{"name":"wp","href":"https:\/\/api.w.org\/{rel}","templated":true}]}}