{"id":11622,"date":"2020-06-20T17:26:57","date_gmt":"2020-06-20T16:26:57","guid":{"rendered":"https:\/\/marneantic.com\/?post_type=product&#038;p=11622"},"modified":"2020-06-20T17:26:57","modified_gmt":"2020-06-20T16:26:57","slug":"plat-vintage-annees-50-en-faience-de-quimper-signe-youen-yves-alain-pleuven","status":"publish","type":"product","link":"https:\/\/marneantic.com\/index.php\/produit\/plat-vintage-annees-50-en-faience-de-quimper-signe-youen-yves-alain-pleuven\/","title":{"rendered":"Plat vintage ann\u00e9es 50 en faience de Quimper sign\u00e9 YOUEN-Yves Alain PLEUVEN"},"content":{"rendered":"","protected":false},"excerpt":{"rendered":"<p>plat en fa\u00efence de quimper, par Yves Alain Pleuven surnomm\u00e9 \u00ab\u00a0Youen\u00a0\u00bb, vers 1950.<br \/>\nen bon \u00e9tat,a signaler un petit \u00e9clat d&rsquo;\u00e9mail sur le rebord<br \/>\nSignature au pinceau \u00e0 l&rsquo;arri\u00e8re<br \/>\nD\u00e9cor rare pour cet artiste<br \/>\nDimensions:<br \/>\nLongueur 37.5.<br \/>\nLargeur 23.5.<br \/>\nHauteur 3cm.<\/p>\n","protected":false},"featured_media":11626,"comment_status":"open","ping_status":"closed","template":"","meta":{"_et_pb_use_builder":"","_et_pb_old_content":"","_et_gb_content_width":""},"product_cat":[28,7],"product_tag":[],"_links":{"self":[{"href":"https:\/\/marneantic.com\/index.php\/wp-json\/wp\/v2\/product\/11622"}],"collection":[{"href":"https:\/\/marneantic.com\/index.php\/wp-json\/wp\/v2\/product"}],"about":[{"href":"https:\/\/marneantic.com\/index.php\/wp-json\/wp\/v2\/types\/product"}],"replies":[{"embeddable":true,"href":"https:\/\/marneantic.com\/index.php\/wp-json\/wp\/v2\/comments?post=11622"}],"wp:featuredmedia":[{"embeddable":true,"href":"https:\/\/marneantic.com\/index.php\/wp-json\/wp\/v2\/media\/11626"}],"wp:attachment":[{"href":"https:\/\/marneantic.com\/index.php\/wp-json\/wp\/v2\/media?parent=11622"}],"wp:term":[{"taxonomy":"product_cat","embeddable":true,"href":"https:\/\/marneantic.com\/index.php\/wp-json\/wp\/v2\/product_cat?post=11622"},{"taxonomy":"product_tag","embeddable":true,"href":"https:\/\/marneantic.com\/index.php\/wp-json\/wp\/v2\/product_tag?post=11622"}],"curies":[{"name":"wp","href":"https:\/\/api.w.org\/{rel}","templated":true}]}}