{"id":11675,"date":"2020-06-23T15:55:41","date_gmt":"2020-06-23T14:55:41","guid":{"rendered":"https:\/\/marneantic.com\/?post_type=product&#038;p=11675"},"modified":"2020-06-23T16:02:36","modified_gmt":"2020-06-23T15:02:36","slug":"boite-tole-publicitaire-ancienne-cacao-bensdorp","status":"publish","type":"product","link":"https:\/\/marneantic.com\/index.php\/produit\/boite-tole-publicitaire-ancienne-cacao-bensdorp\/","title":{"rendered":"Boite t\u00f4le publicitaire ancienne cacao BENSDORP"},"content":{"rendered":"","protected":false},"excerpt":{"rendered":"<p>Boite en t\u00f4le publicitaire ancienne cacao BENSDORP,en bon \u00e9tat(traces d&rsquo;oxydation et d&rsquo;usure),hauteur:15cm,cot\u00e9s:9.3x7cm<\/p>\n","protected":false},"featured_media":11676,"comment_status":"closed","ping_status":"closed","template":"","meta":{"_et_pb_use_builder":"","_et_pb_old_content":"","_et_gb_content_width":""},"product_cat":[15],"product_tag":[],"_links":{"self":[{"href":"https:\/\/marneantic.com\/index.php\/wp-json\/wp\/v2\/product\/11675"}],"collection":[{"href":"https:\/\/marneantic.com\/index.php\/wp-json\/wp\/v2\/product"}],"about":[{"href":"https:\/\/marneantic.com\/index.php\/wp-json\/wp\/v2\/types\/product"}],"replies":[{"embeddable":true,"href":"https:\/\/marneantic.com\/index.php\/wp-json\/wp\/v2\/comments?post=11675"}],"wp:featuredmedia":[{"embeddable":true,"href":"https:\/\/marneantic.com\/index.php\/wp-json\/wp\/v2\/media\/11676"}],"wp:attachment":[{"href":"https:\/\/marneantic.com\/index.php\/wp-json\/wp\/v2\/media?parent=11675"}],"wp:term":[{"taxonomy":"product_cat","embeddable":true,"href":"https:\/\/marneantic.com\/index.php\/wp-json\/wp\/v2\/product_cat?post=11675"},{"taxonomy":"product_tag","embeddable":true,"href":"https:\/\/marneantic.com\/index.php\/wp-json\/wp\/v2\/product_tag?post=11675"}],"curies":[{"name":"wp","href":"https:\/\/api.w.org\/{rel}","templated":true}]}}