{"id":11765,"date":"2020-07-07T14:54:07","date_gmt":"2020-07-07T13:54:07","guid":{"rendered":"https:\/\/marneantic.com\/?post_type=product&#038;p=11765"},"modified":"2020-07-07T15:02:27","modified_gmt":"2020-07-07T14:02:27","slug":"rond-de-serviette-ancien-en-metal-argente-3","status":"publish","type":"product","link":"https:\/\/marneantic.com\/index.php\/produit\/rond-de-serviette-ancien-en-metal-argente-3\/","title":{"rendered":"Rond de serviette ancien en m\u00e9tal argent\u00e9"},"content":{"rendered":"","protected":false},"excerpt":{"rendered":"<p>Rond de serviette ancien en m\u00e9tal argent\u00e9 poin\u00e7onn\u00e9,orfevre RAVINET-DENFERT,d\u00e9cor num\u00e9rot\u00e9 7104,en bon \u00e9tat,diametre:5.3cm,hauteur:3.3cm<\/p>\n","protected":false},"featured_media":11768,"comment_status":"closed","ping_status":"closed","template":"","meta":{"_et_pb_use_builder":"","_et_pb_old_content":"","_et_gb_content_width":""},"product_cat":[13,12,10],"product_tag":[],"_links":{"self":[{"href":"https:\/\/marneantic.com\/index.php\/wp-json\/wp\/v2\/product\/11765"}],"collection":[{"href":"https:\/\/marneantic.com\/index.php\/wp-json\/wp\/v2\/product"}],"about":[{"href":"https:\/\/marneantic.com\/index.php\/wp-json\/wp\/v2\/types\/product"}],"replies":[{"embeddable":true,"href":"https:\/\/marneantic.com\/index.php\/wp-json\/wp\/v2\/comments?post=11765"}],"wp:featuredmedia":[{"embeddable":true,"href":"https:\/\/marneantic.com\/index.php\/wp-json\/wp\/v2\/media\/11768"}],"wp:attachment":[{"href":"https:\/\/marneantic.com\/index.php\/wp-json\/wp\/v2\/media?parent=11765"}],"wp:term":[{"taxonomy":"product_cat","embeddable":true,"href":"https:\/\/marneantic.com\/index.php\/wp-json\/wp\/v2\/product_cat?post=11765"},{"taxonomy":"product_tag","embeddable":true,"href":"https:\/\/marneantic.com\/index.php\/wp-json\/wp\/v2\/product_tag?post=11765"}],"curies":[{"name":"wp","href":"https:\/\/api.w.org\/{rel}","templated":true}]}}