{"id":1180,"date":"2016-04-04T14:17:47","date_gmt":"2016-04-04T13:17:47","guid":{"rendered":"http:\/\/marneantic.com\/?post_type=product&#038;p=1180"},"modified":"2016-04-04T14:17:47","modified_gmt":"2016-04-04T13:17:47","slug":"pot-depicerie-ancienverre-et-bakelite","status":"publish","type":"product","link":"https:\/\/marneantic.com\/index.php\/produit\/pot-depicerie-ancienverre-et-bakelite\/","title":{"rendered":"pot d&rsquo;\u00e9picerie ancien,verre et bak\u00e9lite"},"content":{"rendered":"","protected":false},"excerpt":{"rendered":"<p>gros pot d&rsquo;\u00e9picerie ancien de marque SISA en verre et bouchon bak\u00e9lite,en tr\u00e8s bon \u00e9tat<\/p>\n","protected":false},"featured_media":1181,"comment_status":"closed","ping_status":"closed","template":"","meta":{"_et_pb_use_builder":"","_et_pb_old_content":"","_et_gb_content_width":""},"product_cat":[8,16],"product_tag":[],"_links":{"self":[{"href":"https:\/\/marneantic.com\/index.php\/wp-json\/wp\/v2\/product\/1180"}],"collection":[{"href":"https:\/\/marneantic.com\/index.php\/wp-json\/wp\/v2\/product"}],"about":[{"href":"https:\/\/marneantic.com\/index.php\/wp-json\/wp\/v2\/types\/product"}],"replies":[{"embeddable":true,"href":"https:\/\/marneantic.com\/index.php\/wp-json\/wp\/v2\/comments?post=1180"}],"wp:featuredmedia":[{"embeddable":true,"href":"https:\/\/marneantic.com\/index.php\/wp-json\/wp\/v2\/media\/1181"}],"wp:attachment":[{"href":"https:\/\/marneantic.com\/index.php\/wp-json\/wp\/v2\/media?parent=1180"}],"wp:term":[{"taxonomy":"product_cat","embeddable":true,"href":"https:\/\/marneantic.com\/index.php\/wp-json\/wp\/v2\/product_cat?post=1180"},{"taxonomy":"product_tag","embeddable":true,"href":"https:\/\/marneantic.com\/index.php\/wp-json\/wp\/v2\/product_tag?post=1180"}],"curies":[{"name":"wp","href":"https:\/\/api.w.org\/{rel}","templated":true}]}}