{"id":11878,"date":"2020-07-31T13:43:08","date_gmt":"2020-07-31T12:43:08","guid":{"rendered":"https:\/\/marneantic.com\/?post_type=product&#038;p=11878"},"modified":"2020-07-31T13:48:14","modified_gmt":"2020-07-31T12:48:14","slug":"pince-a-sucre-ancienne-en-metal-argente-9","status":"publish","type":"product","link":"https:\/\/marneantic.com\/index.php\/produit\/pince-a-sucre-ancienne-en-metal-argente-9\/","title":{"rendered":"Pince a sucre ancienne en m\u00e9tal argent\u00e9"},"content":{"rendered":"","protected":false},"excerpt":{"rendered":"<p>Pince a sucre ancienne en m\u00e9tal argent\u00e9 poin\u00e7onn\u00e9(poin\u00e7on illisible),d\u00e9cor pattes de lions et m\u00e9daillons,en bon \u00e9tat sans d\u00e9sargenture,longueur:14cm<\/p>\n","protected":false},"featured_media":11879,"comment_status":"closed","ping_status":"closed","template":"","meta":{"_et_pb_use_builder":"","_et_pb_old_content":"","_et_gb_content_width":""},"product_cat":[12,10,29],"product_tag":[],"_links":{"self":[{"href":"https:\/\/marneantic.com\/index.php\/wp-json\/wp\/v2\/product\/11878"}],"collection":[{"href":"https:\/\/marneantic.com\/index.php\/wp-json\/wp\/v2\/product"}],"about":[{"href":"https:\/\/marneantic.com\/index.php\/wp-json\/wp\/v2\/types\/product"}],"replies":[{"embeddable":true,"href":"https:\/\/marneantic.com\/index.php\/wp-json\/wp\/v2\/comments?post=11878"}],"wp:featuredmedia":[{"embeddable":true,"href":"https:\/\/marneantic.com\/index.php\/wp-json\/wp\/v2\/media\/11879"}],"wp:attachment":[{"href":"https:\/\/marneantic.com\/index.php\/wp-json\/wp\/v2\/media?parent=11878"}],"wp:term":[{"taxonomy":"product_cat","embeddable":true,"href":"https:\/\/marneantic.com\/index.php\/wp-json\/wp\/v2\/product_cat?post=11878"},{"taxonomy":"product_tag","embeddable":true,"href":"https:\/\/marneantic.com\/index.php\/wp-json\/wp\/v2\/product_tag?post=11878"}],"curies":[{"name":"wp","href":"https:\/\/api.w.org\/{rel}","templated":true}]}}