{"id":1194,"date":"2016-04-06T13:37:40","date_gmt":"2016-04-06T12:37:40","guid":{"rendered":"http:\/\/marneantic.com\/?post_type=product&#038;p=1194"},"modified":"2016-10-17T16:06:57","modified_gmt":"2016-10-17T15:06:57","slug":"mendiant-ancien-en-porcelaine","status":"publish","type":"product","link":"https:\/\/marneantic.com\/index.php\/produit\/mendiant-ancien-en-porcelaine\/","title":{"rendered":"Mendiant ancien en porcelaine"},"content":{"rendered":"","protected":false},"excerpt":{"rendered":"<p>Mendiant ancien en porcelaine,en bon \u00e9tat sans coups ni f\u00eales,aucun marquage,fabrique inconnue,d\u00e9cor guirlande de fleurs et frise \u00e0 d\u00e9cor de fruits<\/p>\n","protected":false},"featured_media":1195,"comment_status":"closed","ping_status":"closed","template":"","meta":{"_et_pb_use_builder":"","_et_pb_old_content":"","_et_gb_content_width":""},"product_cat":[13,10,28,7],"product_tag":[],"_links":{"self":[{"href":"https:\/\/marneantic.com\/index.php\/wp-json\/wp\/v2\/product\/1194"}],"collection":[{"href":"https:\/\/marneantic.com\/index.php\/wp-json\/wp\/v2\/product"}],"about":[{"href":"https:\/\/marneantic.com\/index.php\/wp-json\/wp\/v2\/types\/product"}],"replies":[{"embeddable":true,"href":"https:\/\/marneantic.com\/index.php\/wp-json\/wp\/v2\/comments?post=1194"}],"wp:featuredmedia":[{"embeddable":true,"href":"https:\/\/marneantic.com\/index.php\/wp-json\/wp\/v2\/media\/1195"}],"wp:attachment":[{"href":"https:\/\/marneantic.com\/index.php\/wp-json\/wp\/v2\/media?parent=1194"}],"wp:term":[{"taxonomy":"product_cat","embeddable":true,"href":"https:\/\/marneantic.com\/index.php\/wp-json\/wp\/v2\/product_cat?post=1194"},{"taxonomy":"product_tag","embeddable":true,"href":"https:\/\/marneantic.com\/index.php\/wp-json\/wp\/v2\/product_tag?post=1194"}],"curies":[{"name":"wp","href":"https:\/\/api.w.org\/{rel}","templated":true}]}}