{"id":12032,"date":"2020-08-10T13:26:10","date_gmt":"2020-08-10T12:26:10","guid":{"rendered":"https:\/\/marneantic.com\/?post_type=product&#038;p=12032"},"modified":"2020-08-10T13:34:19","modified_gmt":"2020-08-10T12:34:19","slug":"carafe-ancienne-en-cristal-2","status":"publish","type":"product","link":"https:\/\/marneantic.com\/index.php\/produit\/carafe-ancienne-en-cristal-2\/","title":{"rendered":"Carafe ancienne en cristal"},"content":{"rendered":"","protected":false},"excerpt":{"rendered":"<p>Carafe ancienne en cristal taill\u00e9,en tr\u00e8s bon \u00e9tat(traces d&rsquo;usage) hauteur totale:25cm,diametre:8.5cm<\/p>\n","protected":false},"featured_media":12033,"comment_status":"closed","ping_status":"closed","template":"","meta":{"_et_pb_use_builder":"","_et_pb_old_content":"","_et_gb_content_width":""},"product_cat":[10,11],"product_tag":[],"_links":{"self":[{"href":"https:\/\/marneantic.com\/index.php\/wp-json\/wp\/v2\/product\/12032"}],"collection":[{"href":"https:\/\/marneantic.com\/index.php\/wp-json\/wp\/v2\/product"}],"about":[{"href":"https:\/\/marneantic.com\/index.php\/wp-json\/wp\/v2\/types\/product"}],"replies":[{"embeddable":true,"href":"https:\/\/marneantic.com\/index.php\/wp-json\/wp\/v2\/comments?post=12032"}],"wp:featuredmedia":[{"embeddable":true,"href":"https:\/\/marneantic.com\/index.php\/wp-json\/wp\/v2\/media\/12033"}],"wp:attachment":[{"href":"https:\/\/marneantic.com\/index.php\/wp-json\/wp\/v2\/media?parent=12032"}],"wp:term":[{"taxonomy":"product_cat","embeddable":true,"href":"https:\/\/marneantic.com\/index.php\/wp-json\/wp\/v2\/product_cat?post=12032"},{"taxonomy":"product_tag","embeddable":true,"href":"https:\/\/marneantic.com\/index.php\/wp-json\/wp\/v2\/product_tag?post=12032"}],"curies":[{"name":"wp","href":"https:\/\/api.w.org\/{rel}","templated":true}]}}