{"id":1210,"date":"2016-04-06T14:21:19","date_gmt":"2016-04-06T13:21:19","guid":{"rendered":"http:\/\/marneantic.com\/index.php\/produit\/service-a-decouper-ancien-en-argent-et-acier\/"},"modified":"2016-10-17T16:56:08","modified_gmt":"2016-10-17T15:56:08","slug":"service-a-decouper-ancien-en-argent-et-acier","status":"publish","type":"product","link":"https:\/\/marneantic.com\/index.php\/produit\/service-a-decouper-ancien-en-argent-et-acier\/","title":{"rendered":"Service \u00e0 d\u00e9couper ancien en argent et acier"},"content":{"rendered":"","protected":false},"excerpt":{"rendered":"<p>Service a d\u00e9couper ancien,manche en argent,poincon minerve et lames acier acier,en tres bon \u00e9tat<\/p>\n<p>longueur:32.5 et 28cm,en \u00e9crin d&rsquo;origine<\/p>\n","protected":false},"featured_media":1211,"comment_status":"closed","ping_status":"closed","template":"","meta":{"_et_pb_use_builder":"","_et_pb_old_content":"","_et_gb_content_width":""},"product_cat":[12,10,29],"product_tag":[],"_links":{"self":[{"href":"https:\/\/marneantic.com\/index.php\/wp-json\/wp\/v2\/product\/1210"}],"collection":[{"href":"https:\/\/marneantic.com\/index.php\/wp-json\/wp\/v2\/product"}],"about":[{"href":"https:\/\/marneantic.com\/index.php\/wp-json\/wp\/v2\/types\/product"}],"replies":[{"embeddable":true,"href":"https:\/\/marneantic.com\/index.php\/wp-json\/wp\/v2\/comments?post=1210"}],"wp:featuredmedia":[{"embeddable":true,"href":"https:\/\/marneantic.com\/index.php\/wp-json\/wp\/v2\/media\/1211"}],"wp:attachment":[{"href":"https:\/\/marneantic.com\/index.php\/wp-json\/wp\/v2\/media?parent=1210"}],"wp:term":[{"taxonomy":"product_cat","embeddable":true,"href":"https:\/\/marneantic.com\/index.php\/wp-json\/wp\/v2\/product_cat?post=1210"},{"taxonomy":"product_tag","embeddable":true,"href":"https:\/\/marneantic.com\/index.php\/wp-json\/wp\/v2\/product_tag?post=1210"}],"curies":[{"name":"wp","href":"https:\/\/api.w.org\/{rel}","templated":true}]}}