{"id":12100,"date":"2020-08-12T15:28:38","date_gmt":"2020-08-12T14:28:38","guid":{"rendered":"https:\/\/marneantic.com\/?post_type=product&#038;p=12100"},"modified":"2020-08-12T15:38:48","modified_gmt":"2020-08-12T14:38:48","slug":"collier-sautoir-fantaisie-vintage-en-verre","status":"publish","type":"product","link":"https:\/\/marneantic.com\/index.php\/produit\/collier-sautoir-fantaisie-vintage-en-verre\/","title":{"rendered":"Collier\/sautoir fantaisie vintage en verre"},"content":{"rendered":"","protected":false},"excerpt":{"rendered":"<p>Collier\/sautoir fantaisie vintage en verre,chaine en m\u00e9tal dor\u00e9,billes imitation nacre et perles a facettes en verre,en tr\u00e8s bon \u00e9tat,diametre:66cm<\/p>\n","protected":false},"featured_media":12101,"comment_status":"closed","ping_status":"closed","template":"","meta":{"_et_pb_use_builder":"","_et_pb_old_content":"","_et_gb_content_width":""},"product_cat":[18],"product_tag":[],"_links":{"self":[{"href":"https:\/\/marneantic.com\/index.php\/wp-json\/wp\/v2\/product\/12100"}],"collection":[{"href":"https:\/\/marneantic.com\/index.php\/wp-json\/wp\/v2\/product"}],"about":[{"href":"https:\/\/marneantic.com\/index.php\/wp-json\/wp\/v2\/types\/product"}],"replies":[{"embeddable":true,"href":"https:\/\/marneantic.com\/index.php\/wp-json\/wp\/v2\/comments?post=12100"}],"wp:featuredmedia":[{"embeddable":true,"href":"https:\/\/marneantic.com\/index.php\/wp-json\/wp\/v2\/media\/12101"}],"wp:attachment":[{"href":"https:\/\/marneantic.com\/index.php\/wp-json\/wp\/v2\/media?parent=12100"}],"wp:term":[{"taxonomy":"product_cat","embeddable":true,"href":"https:\/\/marneantic.com\/index.php\/wp-json\/wp\/v2\/product_cat?post=12100"},{"taxonomy":"product_tag","embeddable":true,"href":"https:\/\/marneantic.com\/index.php\/wp-json\/wp\/v2\/product_tag?post=12100"}],"curies":[{"name":"wp","href":"https:\/\/api.w.org\/{rel}","templated":true}]}}