{"id":12127,"date":"2020-08-17T14:33:10","date_gmt":"2020-08-17T13:33:10","guid":{"rendered":"https:\/\/marneantic.com\/?post_type=product&#038;p=12127"},"modified":"2022-02-14T11:22:19","modified_gmt":"2022-02-14T10:22:19","slug":"carafe-art-deco-ancienne","status":"publish","type":"product","link":"https:\/\/marneantic.com\/index.php\/produit\/carafe-art-deco-ancienne\/","title":{"rendered":"Carafe art-d\u00e9co ancienne"},"content":{"rendered":"","protected":false},"excerpt":{"rendered":"<p>Carafe art-d\u00e9co ancienne,en tr\u00e8s bon \u00e9tat, hauteur totale:23cm,diametre:11cm<\/p>\n","protected":false},"featured_media":12128,"comment_status":"closed","ping_status":"closed","template":"","meta":{"_et_pb_use_builder":"","_et_pb_old_content":"","_et_gb_content_width":""},"product_cat":[10,44,11],"product_tag":[],"_links":{"self":[{"href":"https:\/\/marneantic.com\/index.php\/wp-json\/wp\/v2\/product\/12127"}],"collection":[{"href":"https:\/\/marneantic.com\/index.php\/wp-json\/wp\/v2\/product"}],"about":[{"href":"https:\/\/marneantic.com\/index.php\/wp-json\/wp\/v2\/types\/product"}],"replies":[{"embeddable":true,"href":"https:\/\/marneantic.com\/index.php\/wp-json\/wp\/v2\/comments?post=12127"}],"wp:featuredmedia":[{"embeddable":true,"href":"https:\/\/marneantic.com\/index.php\/wp-json\/wp\/v2\/media\/12128"}],"wp:attachment":[{"href":"https:\/\/marneantic.com\/index.php\/wp-json\/wp\/v2\/media?parent=12127"}],"wp:term":[{"taxonomy":"product_cat","embeddable":true,"href":"https:\/\/marneantic.com\/index.php\/wp-json\/wp\/v2\/product_cat?post=12127"},{"taxonomy":"product_tag","embeddable":true,"href":"https:\/\/marneantic.com\/index.php\/wp-json\/wp\/v2\/product_tag?post=12127"}],"curies":[{"name":"wp","href":"https:\/\/api.w.org\/{rel}","templated":true}]}}