{"id":12218,"date":"2020-09-13T15:42:28","date_gmt":"2020-09-13T14:42:28","guid":{"rendered":"https:\/\/marneantic.com\/?post_type=product&#038;p=12218"},"modified":"2020-09-13T15:48:57","modified_gmt":"2020-09-13T14:48:57","slug":"6-verres-vintage-annees-60-decor-voitures","status":"publish","type":"product","link":"https:\/\/marneantic.com\/index.php\/produit\/6-verres-vintage-annees-60-decor-voitures\/","title":{"rendered":"6 verres vintage ann\u00e9es 60&prime; d\u00e9cor voitures"},"content":{"rendered":"","protected":false},"excerpt":{"rendered":"<p>6 verres vintage ann\u00e9es 60&prime; d\u00e9cor de voitures,5 differents-1 double,en tr\u00e8s bon \u00e9tat,hauteur:13.5cm,diam\u00e8tre:6.3cm<\/p>\n","protected":false},"featured_media":12220,"comment_status":"open","ping_status":"closed","template":"","meta":{"_et_pb_use_builder":"","_et_pb_old_content":"","_et_gb_content_width":""},"product_cat":[10,16,11],"product_tag":[],"_links":{"self":[{"href":"https:\/\/marneantic.com\/index.php\/wp-json\/wp\/v2\/product\/12218"}],"collection":[{"href":"https:\/\/marneantic.com\/index.php\/wp-json\/wp\/v2\/product"}],"about":[{"href":"https:\/\/marneantic.com\/index.php\/wp-json\/wp\/v2\/types\/product"}],"replies":[{"embeddable":true,"href":"https:\/\/marneantic.com\/index.php\/wp-json\/wp\/v2\/comments?post=12218"}],"wp:featuredmedia":[{"embeddable":true,"href":"https:\/\/marneantic.com\/index.php\/wp-json\/wp\/v2\/media\/12220"}],"wp:attachment":[{"href":"https:\/\/marneantic.com\/index.php\/wp-json\/wp\/v2\/media?parent=12218"}],"wp:term":[{"taxonomy":"product_cat","embeddable":true,"href":"https:\/\/marneantic.com\/index.php\/wp-json\/wp\/v2\/product_cat?post=12218"},{"taxonomy":"product_tag","embeddable":true,"href":"https:\/\/marneantic.com\/index.php\/wp-json\/wp\/v2\/product_tag?post=12218"}],"curies":[{"name":"wp","href":"https:\/\/api.w.org\/{rel}","templated":true}]}}