{"id":12358,"date":"2020-09-28T15:58:13","date_gmt":"2020-09-28T14:58:13","guid":{"rendered":"https:\/\/marneantic.com\/?post_type=product&#038;p=12358"},"modified":"2020-09-28T16:03:22","modified_gmt":"2020-09-28T15:03:22","slug":"pichet-a-lait-ancien-en-porcelaine-de-limogesbernardaud","status":"publish","type":"product","link":"https:\/\/marneantic.com\/index.php\/produit\/pichet-a-lait-ancien-en-porcelaine-de-limogesbernardaud\/","title":{"rendered":"Pichet a lait ancien en porcelaine de Limoges,Bernardaud"},"content":{"rendered":"","protected":false},"excerpt":{"rendered":"<p>Pichet a lait ancien\u00a0en porcelaine de Limoges manufacture Bernardaud&amp;Cie, en\u00a0tr\u00e8s bon \u00e9tat,hauteur totale:13.5cm,diametre:12cm hors poign\u00e9e et bec<\/p>\n","protected":false},"featured_media":12360,"comment_status":"closed","ping_status":"closed","template":"","meta":{"_et_pb_use_builder":"","_et_pb_old_content":"","_et_gb_content_width":""},"product_cat":[26,7],"product_tag":[],"_links":{"self":[{"href":"https:\/\/marneantic.com\/index.php\/wp-json\/wp\/v2\/product\/12358"}],"collection":[{"href":"https:\/\/marneantic.com\/index.php\/wp-json\/wp\/v2\/product"}],"about":[{"href":"https:\/\/marneantic.com\/index.php\/wp-json\/wp\/v2\/types\/product"}],"replies":[{"embeddable":true,"href":"https:\/\/marneantic.com\/index.php\/wp-json\/wp\/v2\/comments?post=12358"}],"wp:featuredmedia":[{"embeddable":true,"href":"https:\/\/marneantic.com\/index.php\/wp-json\/wp\/v2\/media\/12360"}],"wp:attachment":[{"href":"https:\/\/marneantic.com\/index.php\/wp-json\/wp\/v2\/media?parent=12358"}],"wp:term":[{"taxonomy":"product_cat","embeddable":true,"href":"https:\/\/marneantic.com\/index.php\/wp-json\/wp\/v2\/product_cat?post=12358"},{"taxonomy":"product_tag","embeddable":true,"href":"https:\/\/marneantic.com\/index.php\/wp-json\/wp\/v2\/product_tag?post=12358"}],"curies":[{"name":"wp","href":"https:\/\/api.w.org\/{rel}","templated":true}]}}