{"id":12369,"date":"2020-09-29T15:21:21","date_gmt":"2020-09-29T14:21:21","guid":{"rendered":"https:\/\/marneantic.com\/?post_type=product&#038;p=12369"},"modified":"2020-09-29T15:27:29","modified_gmt":"2020-09-29T14:27:29","slug":"carafe-a-liqueur-ancienne-gravee","status":"publish","type":"product","link":"https:\/\/marneantic.com\/index.php\/produit\/carafe-a-liqueur-ancienne-gravee\/","title":{"rendered":"Carafe a liqueur ancienne grav\u00e9e"},"content":{"rendered":"","protected":false},"excerpt":{"rendered":"<p>Carafe a liqueur ancienne en verre grav\u00e9,d\u00e9cor v\u00e9g\u00e9tal,en tr\u00e8s bon \u00e9tat,hauteur totale:28.5cm,diametre:8.5cm<\/p>\n","protected":false},"featured_media":12370,"comment_status":"closed","ping_status":"closed","template":"","meta":{"_et_pb_use_builder":"","_et_pb_old_content":"","_et_gb_content_width":""},"product_cat":[10,11],"product_tag":[],"_links":{"self":[{"href":"https:\/\/marneantic.com\/index.php\/wp-json\/wp\/v2\/product\/12369"}],"collection":[{"href":"https:\/\/marneantic.com\/index.php\/wp-json\/wp\/v2\/product"}],"about":[{"href":"https:\/\/marneantic.com\/index.php\/wp-json\/wp\/v2\/types\/product"}],"replies":[{"embeddable":true,"href":"https:\/\/marneantic.com\/index.php\/wp-json\/wp\/v2\/comments?post=12369"}],"wp:featuredmedia":[{"embeddable":true,"href":"https:\/\/marneantic.com\/index.php\/wp-json\/wp\/v2\/media\/12370"}],"wp:attachment":[{"href":"https:\/\/marneantic.com\/index.php\/wp-json\/wp\/v2\/media?parent=12369"}],"wp:term":[{"taxonomy":"product_cat","embeddable":true,"href":"https:\/\/marneantic.com\/index.php\/wp-json\/wp\/v2\/product_cat?post=12369"},{"taxonomy":"product_tag","embeddable":true,"href":"https:\/\/marneantic.com\/index.php\/wp-json\/wp\/v2\/product_tag?post=12369"}],"curies":[{"name":"wp","href":"https:\/\/api.w.org\/{rel}","templated":true}]}}