{"id":12389,"date":"2020-09-30T15:29:47","date_gmt":"2020-09-30T14:29:47","guid":{"rendered":"https:\/\/marneantic.com\/?post_type=product&#038;p=12389"},"modified":"2020-09-30T15:52:32","modified_gmt":"2020-09-30T14:52:32","slug":"pot-de-salle-de-bain-19eme-en-cristal-bouchon-en-argent-monogramme","status":"publish","type":"product","link":"https:\/\/marneantic.com\/index.php\/produit\/pot-de-salle-de-bain-19eme-en-cristal-bouchon-en-argent-monogramme\/","title":{"rendered":"Pot de salle de bain 19eme en cristal-bouchon en argent monogramm\u00e9"},"content":{"rendered":"","protected":false},"excerpt":{"rendered":"<p>Pot de salle de bain\u00a019eme en cristal avec bouchon en argent(poin\u00e7on t\u00eate de sanglier-49.6gr) monogramm\u00e9,en bon \u00e9tat, \u00e0 signaler un \u00e9clat a la base,forme ronde a facettes,hauteur:11cm,largeur:7cm<\/p>\n","protected":false},"featured_media":12394,"comment_status":"closed","ping_status":"closed","template":"","meta":{"_et_pb_use_builder":"","_et_pb_old_content":"","_et_gb_content_width":""},"product_cat":[14,8],"product_tag":[],"_links":{"self":[{"href":"https:\/\/marneantic.com\/index.php\/wp-json\/wp\/v2\/product\/12389"}],"collection":[{"href":"https:\/\/marneantic.com\/index.php\/wp-json\/wp\/v2\/product"}],"about":[{"href":"https:\/\/marneantic.com\/index.php\/wp-json\/wp\/v2\/types\/product"}],"replies":[{"embeddable":true,"href":"https:\/\/marneantic.com\/index.php\/wp-json\/wp\/v2\/comments?post=12389"}],"wp:featuredmedia":[{"embeddable":true,"href":"https:\/\/marneantic.com\/index.php\/wp-json\/wp\/v2\/media\/12394"}],"wp:attachment":[{"href":"https:\/\/marneantic.com\/index.php\/wp-json\/wp\/v2\/media?parent=12389"}],"wp:term":[{"taxonomy":"product_cat","embeddable":true,"href":"https:\/\/marneantic.com\/index.php\/wp-json\/wp\/v2\/product_cat?post=12389"},{"taxonomy":"product_tag","embeddable":true,"href":"https:\/\/marneantic.com\/index.php\/wp-json\/wp\/v2\/product_tag?post=12389"}],"curies":[{"name":"wp","href":"https:\/\/api.w.org\/{rel}","templated":true}]}}