{"id":12400,"date":"2020-09-30T15:59:08","date_gmt":"2020-09-30T14:59:08","guid":{"rendered":"https:\/\/marneantic.com\/?post_type=product&#038;p=12400"},"modified":"2020-09-30T16:06:36","modified_gmt":"2020-09-30T15:06:36","slug":"verre-a-liqueur-bicolore-ancien-en-cristal-grave-de-boheme","status":"publish","type":"product","link":"https:\/\/marneantic.com\/index.php\/produit\/verre-a-liqueur-bicolore-ancien-en-cristal-grave-de-boheme\/","title":{"rendered":"Verre \u00e0 liqueur bicolore ancien en cristal grav\u00e9 de Boh\u00e8me"},"content":{"rendered":"","protected":false},"excerpt":{"rendered":"<p>Verre \u00e0 liqueur bicolore ancien en cristal grav\u00e9 de Boh\u00e8me,en tr\u00e8s bon \u00e9tat,d\u00e9cor de biche couch\u00e9e et frise a la \u00a0\u00bb Grecque\u00a0\u00bb hauteur:5.5cm,diam\u00e8tre du buvant:6cm,verre tr\u00e8s \u00e9pais<\/p>\n","protected":false},"featured_media":12403,"comment_status":"closed","ping_status":"closed","template":"","meta":{"_et_pb_use_builder":"","_et_pb_old_content":"","_et_gb_content_width":""},"product_cat":[10,11],"product_tag":[],"_links":{"self":[{"href":"https:\/\/marneantic.com\/index.php\/wp-json\/wp\/v2\/product\/12400"}],"collection":[{"href":"https:\/\/marneantic.com\/index.php\/wp-json\/wp\/v2\/product"}],"about":[{"href":"https:\/\/marneantic.com\/index.php\/wp-json\/wp\/v2\/types\/product"}],"replies":[{"embeddable":true,"href":"https:\/\/marneantic.com\/index.php\/wp-json\/wp\/v2\/comments?post=12400"}],"wp:featuredmedia":[{"embeddable":true,"href":"https:\/\/marneantic.com\/index.php\/wp-json\/wp\/v2\/media\/12403"}],"wp:attachment":[{"href":"https:\/\/marneantic.com\/index.php\/wp-json\/wp\/v2\/media?parent=12400"}],"wp:term":[{"taxonomy":"product_cat","embeddable":true,"href":"https:\/\/marneantic.com\/index.php\/wp-json\/wp\/v2\/product_cat?post=12400"},{"taxonomy":"product_tag","embeddable":true,"href":"https:\/\/marneantic.com\/index.php\/wp-json\/wp\/v2\/product_tag?post=12400"}],"curies":[{"name":"wp","href":"https:\/\/api.w.org\/{rel}","templated":true}]}}