{"id":12421,"date":"2020-10-01T10:19:15","date_gmt":"2020-10-01T09:19:15","guid":{"rendered":"https:\/\/marneantic.com\/?post_type=product&#038;p=12421"},"modified":"2020-10-01T10:22:21","modified_gmt":"2020-10-01T09:22:21","slug":"grand-vase-art-deco-en-cristal-bicolore","status":"publish","type":"product","link":"https:\/\/marneantic.com\/index.php\/produit\/grand-vase-art-deco-en-cristal-bicolore\/","title":{"rendered":"Grand vase art d\u00e9co en cristal bicolore"},"content":{"rendered":"","protected":false},"excerpt":{"rendered":"<p><span style=\"font-family: Arial;\">Grand vase art d\u00e9co en cristal bicolore,pied vert,d\u00e9cor g\u00e9om\u00e9trique en tr\u00e8s\u00a0bon \u00e9tat, sans \u00e9clats ni\u00a0f\u00eales,aucune signature<\/span><\/p>\n<div><span style=\"font-family: Arial;\">hauteur:27.2cm<\/span><\/div>\n<div><span style=\"font-family: Arial;\">diam\u00e8tre\u00a0col:17.5cm<\/span><\/div>\n<div><span style=\"font-family: Arial;\">diam\u00e8tre\u00a0pied:15.5cm<\/span><\/div>\n","protected":false},"featured_media":12424,"comment_status":"open","ping_status":"closed","template":"","meta":{"_et_pb_use_builder":"","_et_pb_old_content":"","_et_gb_content_width":""},"product_cat":[44,14,8],"product_tag":[],"_links":{"self":[{"href":"https:\/\/marneantic.com\/index.php\/wp-json\/wp\/v2\/product\/12421"}],"collection":[{"href":"https:\/\/marneantic.com\/index.php\/wp-json\/wp\/v2\/product"}],"about":[{"href":"https:\/\/marneantic.com\/index.php\/wp-json\/wp\/v2\/types\/product"}],"replies":[{"embeddable":true,"href":"https:\/\/marneantic.com\/index.php\/wp-json\/wp\/v2\/comments?post=12421"}],"wp:featuredmedia":[{"embeddable":true,"href":"https:\/\/marneantic.com\/index.php\/wp-json\/wp\/v2\/media\/12424"}],"wp:attachment":[{"href":"https:\/\/marneantic.com\/index.php\/wp-json\/wp\/v2\/media?parent=12421"}],"wp:term":[{"taxonomy":"product_cat","embeddable":true,"href":"https:\/\/marneantic.com\/index.php\/wp-json\/wp\/v2\/product_cat?post=12421"},{"taxonomy":"product_tag","embeddable":true,"href":"https:\/\/marneantic.com\/index.php\/wp-json\/wp\/v2\/product_tag?post=12421"}],"curies":[{"name":"wp","href":"https:\/\/api.w.org\/{rel}","templated":true}]}}