{"id":12480,"date":"2020-10-06T15:03:35","date_gmt":"2020-10-06T14:03:35","guid":{"rendered":"https:\/\/marneantic.com\/?post_type=product&#038;p=12480"},"modified":"2020-10-06T15:05:21","modified_gmt":"2020-10-06T14:05:21","slug":"pichet-publicitaire-whisky-black-label-en-faience","status":"publish","type":"product","link":"https:\/\/marneantic.com\/index.php\/produit\/pichet-publicitaire-whisky-black-label-en-faience\/","title":{"rendered":"Pichet publicitaire \u00ab\u00a0whisky BLACK LABEL\u00a0\u00bb en fa\u00efence"},"content":{"rendered":"","protected":false},"excerpt":{"rendered":"<p>pichet publicitaire \u00ab\u00a0whisky Johnnie Walker\/black label\u00a0\u00bb en fa\u00efence, en tr\u00e8s bon \u00e9tat<\/p>\n<div>hauteur:17.5cm<\/div>\n<div>cot\u00e9s:9.7&#215;9.7cm<\/div>\n","protected":false},"featured_media":12482,"comment_status":"closed","ping_status":"closed","template":"","meta":{"_et_pb_use_builder":"","_et_pb_old_content":"","_et_gb_content_width":""},"product_cat":[15],"product_tag":[],"_links":{"self":[{"href":"https:\/\/marneantic.com\/index.php\/wp-json\/wp\/v2\/product\/12480"}],"collection":[{"href":"https:\/\/marneantic.com\/index.php\/wp-json\/wp\/v2\/product"}],"about":[{"href":"https:\/\/marneantic.com\/index.php\/wp-json\/wp\/v2\/types\/product"}],"replies":[{"embeddable":true,"href":"https:\/\/marneantic.com\/index.php\/wp-json\/wp\/v2\/comments?post=12480"}],"wp:featuredmedia":[{"embeddable":true,"href":"https:\/\/marneantic.com\/index.php\/wp-json\/wp\/v2\/media\/12482"}],"wp:attachment":[{"href":"https:\/\/marneantic.com\/index.php\/wp-json\/wp\/v2\/media?parent=12480"}],"wp:term":[{"taxonomy":"product_cat","embeddable":true,"href":"https:\/\/marneantic.com\/index.php\/wp-json\/wp\/v2\/product_cat?post=12480"},{"taxonomy":"product_tag","embeddable":true,"href":"https:\/\/marneantic.com\/index.php\/wp-json\/wp\/v2\/product_tag?post=12480"}],"curies":[{"name":"wp","href":"https:\/\/api.w.org\/{rel}","templated":true}]}}