{"id":12788,"date":"2020-11-01T17:21:31","date_gmt":"2020-11-01T16:21:31","guid":{"rendered":"https:\/\/marneantic.com\/?post_type=product&#038;p=12788"},"modified":"2020-11-01T17:21:32","modified_gmt":"2020-11-01T16:21:32","slug":"pot-couvert-en-cristal-taille","status":"publish","type":"product","link":"https:\/\/marneantic.com\/index.php\/produit\/pot-couvert-en-cristal-taille\/","title":{"rendered":"Pot couvert en cristal taill\u00e9"},"content":{"rendered":"","protected":false},"excerpt":{"rendered":"<p>Pot couvert en cristal taill\u00e9,en bon \u00e9tat(a signaler un petit \u00e9clat sur le rebord du pot)hauteur totale:15cm,diametre:7cm<\/p>\n","protected":false},"featured_media":12789,"comment_status":"open","ping_status":"closed","template":"","meta":{"_et_pb_use_builder":"","_et_pb_old_content":"","_et_gb_content_width":""},"product_cat":[14,8],"product_tag":[],"_links":{"self":[{"href":"https:\/\/marneantic.com\/index.php\/wp-json\/wp\/v2\/product\/12788"}],"collection":[{"href":"https:\/\/marneantic.com\/index.php\/wp-json\/wp\/v2\/product"}],"about":[{"href":"https:\/\/marneantic.com\/index.php\/wp-json\/wp\/v2\/types\/product"}],"replies":[{"embeddable":true,"href":"https:\/\/marneantic.com\/index.php\/wp-json\/wp\/v2\/comments?post=12788"}],"wp:featuredmedia":[{"embeddable":true,"href":"https:\/\/marneantic.com\/index.php\/wp-json\/wp\/v2\/media\/12789"}],"wp:attachment":[{"href":"https:\/\/marneantic.com\/index.php\/wp-json\/wp\/v2\/media?parent=12788"}],"wp:term":[{"taxonomy":"product_cat","embeddable":true,"href":"https:\/\/marneantic.com\/index.php\/wp-json\/wp\/v2\/product_cat?post=12788"},{"taxonomy":"product_tag","embeddable":true,"href":"https:\/\/marneantic.com\/index.php\/wp-json\/wp\/v2\/product_tag?post=12788"}],"curies":[{"name":"wp","href":"https:\/\/api.w.org\/{rel}","templated":true}]}}